{"id":54,"date":"2025-01-01T18:45:15","date_gmt":"2025-01-01T17:45:15","guid":{"rendered":"https:\/\/geoseminaire2025.teledetection.fr\/?page_id=54"},"modified":"2025-04-01T21:01:22","modified_gmt":"2025-04-01T19:01:22","slug":"partenaires","status":"publish","type":"page","link":"https:\/\/geoseminaire2025.teledetection.fr\/?page_id=54","title":{"rendered":"Partenaires"},"content":{"rendered":"\n<h1 class=\"wp-block-heading has-text-align-center has-white-color has-text-color has-background has-link-color has-x-large-font-size wp-elements-205f2861bffc2e6652af6983423eabbb\" style=\"background-color:#5634ca\"><img loading=\"lazy\" decoding=\"async\" width=\"60\" height=\"51\" class=\"wp-image-941\" style=\"width: 60px;\" src=\"https:\/\/geoseminaire2025.teledetection.fr\/wp-content\/uploads\/2025\/02\/Space-Invaders-Alien-PNG-Image.png\" alt=\"\" srcset=\"https:\/\/geoseminaire2025.teledetection.fr\/wp-content\/uploads\/2025\/02\/Space-Invaders-Alien-PNG-Image.png 780w, https:\/\/geoseminaire2025.teledetection.fr\/wp-content\/uploads\/2025\/02\/Space-Invaders-Alien-PNG-Image-300x254.png 300w, https:\/\/geoseminaire2025.teledetection.fr\/wp-content\/uploads\/2025\/02\/Space-Invaders-Alien-PNG-Image-768x650.png 768w\" sizes=\"auto, (max-width: 60px) 100vw, 60px\" \/> <strong>Nos Partenaires<\/strong> <img loading=\"lazy\" decoding=\"async\" width=\"60\" height=\"51\" class=\"wp-image-941\" style=\"width: 60px;\" src=\"https:\/\/geoseminaire2025.teledetection.fr\/wp-content\/uploads\/2025\/02\/Space-Invaders-Alien-PNG-Image.png\" alt=\"\" srcset=\"https:\/\/geoseminaire2025.teledetection.fr\/wp-content\/uploads\/2025\/02\/Space-Invaders-Alien-PNG-Image.png 780w, https:\/\/geoseminaire2025.teledetection.fr\/wp-content\/uploads\/2025\/02\/Space-Invaders-Alien-PNG-Image-300x254.png 300w, https:\/\/geoseminaire2025.teledetection.fr\/wp-content\/uploads\/2025\/02\/Space-Invaders-Alien-PNG-Image-768x650.png 768w\" sizes=\"auto, (max-width: 60px) 100vw, 60px\" \/><\/h1>\n\n\n\n<p><\/p>\n\n\n\n<div class=\"wp-block-columns are-vertically-aligned-center is-layout-flex wp-container-core-columns-is-layout-9d6595d7 wp-block-columns-is-layout-flex\">\n<div class=\"wp-block-column is-vertically-aligned-center is-layout-flow wp-block-column-is-layout-flow\" style=\"flex-basis:100%\">\n<div class=\"wp-block-group is-layout-grid wp-container-core-group-is-layout-e70fed7d wp-block-group-is-layout-grid\">\n<div class=\"wp-block-columns are-vertically-aligned-center is-layout-flex wp-container-core-columns-is-layout-9d6595d7 wp-block-columns-is-layout-flex\">\n<div class=\"wp-block-column is-vertically-aligned-center is-layout-flow wp-block-column-is-layout-flow\" style=\"flex-basis:100%\">\n<figure class=\"wp-block-image size-large is-style-default\"><img loading=\"lazy\" decoding=\"async\" width=\"1024\" height=\"242\" src=\"https:\/\/geoseminaire2025.teledetection.fr\/wp-content\/uploads\/2025\/04\/silat-1024x242.jpg\" alt=\"\" class=\"wp-image-1564\" srcset=\"https:\/\/geoseminaire2025.teledetection.fr\/wp-content\/uploads\/2025\/04\/silat-1024x242.jpg 1024w, https:\/\/geoseminaire2025.teledetection.fr\/wp-content\/uploads\/2025\/04\/silat-300x71.jpg 300w, https:\/\/geoseminaire2025.teledetection.fr\/wp-content\/uploads\/2025\/04\/silat-768x181.jpg 768w, https:\/\/geoseminaire2025.teledetection.fr\/wp-content\/uploads\/2025\/04\/silat-1536x363.jpg 1536w, https:\/\/geoseminaire2025.teledetection.fr\/wp-content\/uploads\/2025\/04\/silat-2048x484.jpg 2048w\" sizes=\"auto, (max-width: 1024px) 100vw, 1024px\" \/><\/figure>\n<\/div>\n<\/div>\n\n\n\n<figure class=\"wp-block-image size-full\"><a href=\"https:\/\/www.teledetection.fr\" target=\"_blank\" rel=\" noreferrer noopener\"><img loading=\"lazy\" decoding=\"async\" width=\"711\" height=\"455\" src=\"https:\/\/geoseminaire2025.teledetection.fr\/wp-content\/uploads\/2025\/02\/mtd_30ans.png\" alt=\"\" class=\"wp-image-905\" srcset=\"https:\/\/geoseminaire2025.teledetection.fr\/wp-content\/uploads\/2025\/02\/mtd_30ans.png 711w, https:\/\/geoseminaire2025.teledetection.fr\/wp-content\/uploads\/2025\/02\/mtd_30ans-300x192.png 300w\" sizes=\"auto, (max-width: 711px) 100vw, 711px\" \/><\/a><\/figure>\n\n\n\n<div class=\"wp-block-group\"><div class=\"wp-block-group__inner-container is-layout-constrained wp-block-group-is-layout-constrained\">\n<div class=\"wp-block-columns is-layout-flex wp-container-core-columns-is-layout-9d6595d7 wp-block-columns-is-layout-flex\">\n<div class=\"wp-block-column is-layout-flow wp-block-column-is-layout-flow\" style=\"flex-basis:100%\">\n<figure class=\"wp-block-image size-full wp-container-content-69bc4bdf\"><a href=\"https:\/\/umr-tetis.fr\/index.php\/fr\/\" target=\"_blank\" rel=\" noreferrer noopener\"><img loading=\"lazy\" decoding=\"async\" width=\"563\" height=\"182\" src=\"https:\/\/geoseminaire2025.teledetection.fr\/wp-content\/uploads\/2025\/02\/logo_tetis_2017.jpg\" alt=\"\" class=\"wp-image-904\" srcset=\"https:\/\/geoseminaire2025.teledetection.fr\/wp-content\/uploads\/2025\/02\/logo_tetis_2017.jpg 563w, https:\/\/geoseminaire2025.teledetection.fr\/wp-content\/uploads\/2025\/02\/logo_tetis_2017-300x97.jpg 300w\" sizes=\"auto, (max-width: 563px) 100vw, 563px\" \/><\/a><\/figure>\n<\/div>\n<\/div>\n<\/div><\/div>\n\n\n\n<figure class=\"wp-block-image size-large\"><a href=\"https:\/\/www.copernicus.eu\/fr\" target=\"_blank\" rel=\" noreferrer noopener\"><img loading=\"lazy\" decoding=\"async\" width=\"1024\" height=\"507\" src=\"https:\/\/geoseminaire2025.teledetection.fr\/wp-content\/uploads\/2025\/02\/Logo-academycopernicus-1-1024x507.jpg\" alt=\"\" class=\"wp-image-907\" srcset=\"https:\/\/geoseminaire2025.teledetection.fr\/wp-content\/uploads\/2025\/02\/Logo-academycopernicus-1-1024x507.jpg 1024w, https:\/\/geoseminaire2025.teledetection.fr\/wp-content\/uploads\/2025\/02\/Logo-academycopernicus-1-300x148.jpg 300w, https:\/\/geoseminaire2025.teledetection.fr\/wp-content\/uploads\/2025\/02\/Logo-academycopernicus-1-768x380.jpg 768w, https:\/\/geoseminaire2025.teledetection.fr\/wp-content\/uploads\/2025\/02\/Logo-academycopernicus-1.jpg 1536w\" sizes=\"auto, (max-width: 1024px) 100vw, 1024px\" \/><\/a><\/figure>\n\n\n\n<figure class=\"wp-block-image size-large\"><a href=\"https:\/\/www.afigeo.asso.fr\/\" target=\"_blank\" rel=\" noreferrer noopener\"><img loading=\"lazy\" decoding=\"async\" width=\"1024\" height=\"507\" src=\"https:\/\/geoseminaire2025.teledetection.fr\/wp-content\/uploads\/2025\/02\/afigeologo-1536x760-1-1024x507.png\" alt=\"afig\u00e9o - annuaire des g\u00e9oentreprises\" class=\"wp-image-900\" srcset=\"https:\/\/geoseminaire2025.teledetection.fr\/wp-content\/uploads\/2025\/02\/afigeologo-1536x760-1-1024x507.png 1024w, https:\/\/geoseminaire2025.teledetection.fr\/wp-content\/uploads\/2025\/02\/afigeologo-1536x760-1-300x148.png 300w, https:\/\/geoseminaire2025.teledetection.fr\/wp-content\/uploads\/2025\/02\/afigeologo-1536x760-1-768x380.png 768w, https:\/\/geoseminaire2025.teledetection.fr\/wp-content\/uploads\/2025\/02\/afigeologo-1536x760-1.png 1536w\" sizes=\"auto, (max-width: 1024px) 100vw, 1024px\" \/><\/a><\/figure>\n\n\n\n<figure class=\"wp-block-image size-full\"><a href=\"https:\/\/www.sigtv.fr\/\" target=\"_blank\" rel=\" noreferrer noopener\"><img loading=\"lazy\" decoding=\"async\" width=\"808\" height=\"463\" src=\"https:\/\/geoseminaire2025.teledetection.fr\/wp-content\/uploads\/2025\/02\/Logo-10ans-SIGMAG.png\" alt=\"SIG MAG\" class=\"wp-image-902\" srcset=\"https:\/\/geoseminaire2025.teledetection.fr\/wp-content\/uploads\/2025\/02\/Logo-10ans-SIGMAG.png 808w, https:\/\/geoseminaire2025.teledetection.fr\/wp-content\/uploads\/2025\/02\/Logo-10ans-SIGMAG-300x172.png 300w, https:\/\/geoseminaire2025.teledetection.fr\/wp-content\/uploads\/2025\/02\/Logo-10ans-SIGMAG-768x440.png 768w\" sizes=\"auto, (max-width: 808px) 100vw, 808px\" \/><\/a><\/figure>\n<\/div>\n\n\n\n<div class=\"wp-block-group is-nowrap is-layout-flex wp-container-core-group-is-layout-ad2f72ca wp-block-group-is-layout-flex\">\n<figure class=\"wp-block-image size-large is-resized\"><a href=\"https:\/\/www.agroparistech.fr\/\" target=\"_blank\" rel=\" noreferrer noopener\"><img loading=\"lazy\" decoding=\"async\" width=\"1024\" height=\"250\" src=\"https:\/\/geoseminaire2025.teledetection.fr\/wp-content\/uploads\/2025\/02\/APT_Logo_SloganFrancais_RVB_Positif-1536x375-2-1024x250.png\" alt=\"\" class=\"wp-image-909\" style=\"width:471px;height:auto\" srcset=\"https:\/\/geoseminaire2025.teledetection.fr\/wp-content\/uploads\/2025\/02\/APT_Logo_SloganFrancais_RVB_Positif-1536x375-2-1024x250.png 1024w, https:\/\/geoseminaire2025.teledetection.fr\/wp-content\/uploads\/2025\/02\/APT_Logo_SloganFrancais_RVB_Positif-1536x375-2-300x73.png 300w, https:\/\/geoseminaire2025.teledetection.fr\/wp-content\/uploads\/2025\/02\/APT_Logo_SloganFrancais_RVB_Positif-1536x375-2-768x188.png 768w, https:\/\/geoseminaire2025.teledetection.fr\/wp-content\/uploads\/2025\/02\/APT_Logo_SloganFrancais_RVB_Positif-1536x375-2.png 1536w\" sizes=\"auto, (max-width: 1024px) 100vw, 1024px\" \/><\/a><\/figure>\n\n\n\n<figure class=\"wp-block-image size-full is-resized\"><a href=\"https:\/\/www.montpellier3m.fr\/\" target=\"_blank\" rel=\" noreferrer noopener\"><img loading=\"lazy\" decoding=\"async\" width=\"1536\" height=\"760\" src=\"https:\/\/geoseminaire2025.teledetection.fr\/wp-content\/uploads\/2025\/02\/3Mlogo-1-1536x760-1.png\" alt=\"Montpellier M\u00e9diterran\u00e9e M\u00e9tropole\" class=\"wp-image-899\" style=\"width:325px;height:auto\" srcset=\"https:\/\/geoseminaire2025.teledetection.fr\/wp-content\/uploads\/2025\/02\/3Mlogo-1-1536x760-1.png 1536w, https:\/\/geoseminaire2025.teledetection.fr\/wp-content\/uploads\/2025\/02\/3Mlogo-1-1536x760-1-300x148.png 300w, https:\/\/geoseminaire2025.teledetection.fr\/wp-content\/uploads\/2025\/02\/3Mlogo-1-1536x760-1-1024x507.png 1024w, https:\/\/geoseminaire2025.teledetection.fr\/wp-content\/uploads\/2025\/02\/3Mlogo-1-1536x760-1-768x380.png 768w\" sizes=\"auto, (max-width: 1536px) 100vw, 1536px\" \/><\/a><\/figure>\n<\/div>\n<\/div>\n<\/div>\n","protected":false},"excerpt":{"rendered":"<p>Nos Partenaires<\/p>\n","protected":false},"author":2,"featured_media":0,"parent":0,"menu_order":3,"comment_status":"closed","ping_status":"closed","template":"","meta":{"_uag_custom_page_level_css":"","footnotes":""},"class_list":["post-54","page","type-page","status-publish","hentry"],"yoast_head":"<!-- This site is optimized with the Yoast SEO plugin v26.0 - https:\/\/yoast.com\/wordpress\/plugins\/seo\/ -->\n<title>Partenaires - G\u00e9os\u00e9minaire 2025<\/title>\n<meta name=\"description\" content=\"Entre repr\u00e9sentation des territoires, attractivit\u00e9 et innovation, croiser les mondes de la g\u00e9omatique et du jeu vid\u00e9o.\" \/>\n<meta name=\"robots\" content=\"index, follow, max-snippet:-1, max-image-preview:large, max-video-preview:-1\" \/>\n<link rel=\"canonical\" href=\"https:\/\/geoseminaire2025.teledetection.fr\/?page_id=54\" \/>\n<meta property=\"og:locale\" content=\"fr_FR\" \/>\n<meta property=\"og:type\" content=\"article\" \/>\n<meta property=\"og:title\" content=\"Partenaires - G\u00e9os\u00e9minaire 2025\" \/>\n<meta property=\"og:description\" content=\"Entre repr\u00e9sentation des territoires, attractivit\u00e9 et innovation, croiser les mondes de la g\u00e9omatique et du jeu vid\u00e9o.\" \/>\n<meta property=\"og:url\" content=\"https:\/\/geoseminaire2025.teledetection.fr\/?page_id=54\" \/>\n<meta property=\"og:site_name\" content=\"G\u00e9os\u00e9minaire 2025\" \/>\n<meta property=\"article:publisher\" content=\"https:\/\/www.facebook.com\/people\/Geoseminaire-2025\/61572608900768\/\" \/>\n<meta property=\"article:modified_time\" content=\"2025-04-01T19:01:22+00:00\" \/>\n<meta property=\"og:image\" content=\"https:\/\/geoseminaire2025.teledetection.fr\/wp-content\/uploads\/2025\/02\/Space-Invaders-Alien-PNG-Image.png\" \/>\n\t<meta property=\"og:image:width\" content=\"780\" \/>\n\t<meta property=\"og:image:height\" content=\"660\" \/>\n\t<meta property=\"og:image:type\" content=\"image\/png\" \/>\n<meta name=\"twitter:card\" content=\"summary_large_image\" \/>\n<meta name=\"twitter:label1\" content=\"Dur\u00e9e de lecture estim\u00e9e\" \/>\n\t<meta name=\"twitter:data1\" content=\"3 minutes\" \/>\n<script type=\"application\/ld+json\" class=\"yoast-schema-graph\">{\"@context\":\"https:\/\/schema.org\",\"@graph\":[{\"@type\":\"WebPage\",\"@id\":\"https:\/\/geoseminaire2025.teledetection.fr\/?page_id=54\",\"url\":\"https:\/\/geoseminaire2025.teledetection.fr\/?page_id=54\",\"name\":\"Partenaires - G\u00e9os\u00e9minaire 2025\",\"isPartOf\":{\"@id\":\"https:\/\/geoseminaire2025.teledetection.fr\/#website\"},\"primaryImageOfPage\":{\"@id\":\"https:\/\/geoseminaire2025.teledetection.fr\/?page_id=54#primaryimage\"},\"image\":{\"@id\":\"https:\/\/geoseminaire2025.teledetection.fr\/?page_id=54#primaryimage\"},\"thumbnailUrl\":\"https:\/\/geoseminaire2025.teledetection.fr\/wp-content\/uploads\/2025\/02\/Space-Invaders-Alien-PNG-Image.png\",\"datePublished\":\"2025-01-01T17:45:15+00:00\",\"dateModified\":\"2025-04-01T19:01:22+00:00\",\"description\":\"Entre repr\u00e9sentation des territoires, attractivit\u00e9 et innovation, croiser les mondes de la g\u00e9omatique et du jeu vid\u00e9o.\",\"breadcrumb\":{\"@id\":\"https:\/\/geoseminaire2025.teledetection.fr\/?page_id=54#breadcrumb\"},\"inLanguage\":\"fr-FR\",\"potentialAction\":[{\"@type\":\"ReadAction\",\"target\":[\"https:\/\/geoseminaire2025.teledetection.fr\/?page_id=54\"]}]},{\"@type\":\"ImageObject\",\"inLanguage\":\"fr-FR\",\"@id\":\"https:\/\/geoseminaire2025.teledetection.fr\/?page_id=54#primaryimage\",\"url\":\"https:\/\/geoseminaire2025.teledetection.fr\/wp-content\/uploads\/2025\/02\/Space-Invaders-Alien-PNG-Image.png\",\"contentUrl\":\"https:\/\/geoseminaire2025.teledetection.fr\/wp-content\/uploads\/2025\/02\/Space-Invaders-Alien-PNG-Image.png\",\"width\":780,\"height\":660},{\"@type\":\"BreadcrumbList\",\"@id\":\"https:\/\/geoseminaire2025.teledetection.fr\/?page_id=54#breadcrumb\",\"itemListElement\":[{\"@type\":\"ListItem\",\"position\":1,\"name\":\"Accueil\",\"item\":\"https:\/\/geoseminaire2025.teledetection.fr\/\"},{\"@type\":\"ListItem\",\"position\":2,\"name\":\"Partenaires\"}]},{\"@type\":\"WebSite\",\"@id\":\"https:\/\/geoseminaire2025.teledetection.fr\/#website\",\"url\":\"https:\/\/geoseminaire2025.teledetection.fr\/\",\"name\":\"G\u00e9os\u00e9minaire 2025\",\"description\":\"GIS &amp; GAMING\",\"publisher\":{\"@id\":\"https:\/\/geoseminaire2025.teledetection.fr\/#organization\"},\"alternateName\":\"G\u00e9os\u00e9minaire\",\"potentialAction\":[{\"@type\":\"SearchAction\",\"target\":{\"@type\":\"EntryPoint\",\"urlTemplate\":\"https:\/\/geoseminaire2025.teledetection.fr\/?s={search_term_string}\"},\"query-input\":{\"@type\":\"PropertyValueSpecification\",\"valueRequired\":true,\"valueName\":\"search_term_string\"}}],\"inLanguage\":\"fr-FR\"},{\"@type\":\"Organization\",\"@id\":\"https:\/\/geoseminaire2025.teledetection.fr\/#organization\",\"name\":\"G\u00e9os\u00e9minaire 2025\",\"alternateName\":\"G\u00e9os\u00e9minaire\",\"url\":\"https:\/\/geoseminaire2025.teledetection.fr\/\",\"logo\":{\"@type\":\"ImageObject\",\"inLanguage\":\"fr-FR\",\"@id\":\"https:\/\/geoseminaire2025.teledetection.fr\/#\/schema\/logo\/image\/\",\"url\":\"https:\/\/geoseminaire2025.teledetection.fr\/wp-content\/uploads\/2025\/01\/G-geoseminaire_sans_fond_capri.png\",\"contentUrl\":\"https:\/\/geoseminaire2025.teledetection.fr\/wp-content\/uploads\/2025\/01\/G-geoseminaire_sans_fond_capri.png\",\"width\":1024,\"height\":1024,\"caption\":\"G\u00e9os\u00e9minaire 2025\"},\"image\":{\"@id\":\"https:\/\/geoseminaire2025.teledetection.fr\/#\/schema\/logo\/image\/\"},\"sameAs\":[\"https:\/\/www.facebook.com\/people\/Geoseminaire-2025\/61572608900768\/\",\"https:\/\/www.youtube.com\/@geoseminairesilat9797\",\"https:\/\/www.instagram.com\/geoseminaire\/\"]}]}<\/script>\n<!-- \/ Yoast SEO plugin. -->","yoast_head_json":{"title":"Partenaires - G\u00e9os\u00e9minaire 2025","description":"Entre repr\u00e9sentation des territoires, attractivit\u00e9 et innovation, croiser les mondes de la g\u00e9omatique et du jeu vid\u00e9o.","robots":{"index":"index","follow":"follow","max-snippet":"max-snippet:-1","max-image-preview":"max-image-preview:large","max-video-preview":"max-video-preview:-1"},"canonical":"https:\/\/geoseminaire2025.teledetection.fr\/?page_id=54","og_locale":"fr_FR","og_type":"article","og_title":"Partenaires - G\u00e9os\u00e9minaire 2025","og_description":"Entre repr\u00e9sentation des territoires, attractivit\u00e9 et innovation, croiser les mondes de la g\u00e9omatique et du jeu vid\u00e9o.","og_url":"https:\/\/geoseminaire2025.teledetection.fr\/?page_id=54","og_site_name":"G\u00e9os\u00e9minaire 2025","article_publisher":"https:\/\/www.facebook.com\/people\/Geoseminaire-2025\/61572608900768\/","article_modified_time":"2025-04-01T19:01:22+00:00","og_image":[{"width":780,"height":660,"url":"https:\/\/geoseminaire2025.teledetection.fr\/wp-content\/uploads\/2025\/02\/Space-Invaders-Alien-PNG-Image.png","type":"image\/png"}],"twitter_card":"summary_large_image","twitter_misc":{"Dur\u00e9e de lecture estim\u00e9e":"3 minutes"},"schema":{"@context":"https:\/\/schema.org","@graph":[{"@type":"WebPage","@id":"https:\/\/geoseminaire2025.teledetection.fr\/?page_id=54","url":"https:\/\/geoseminaire2025.teledetection.fr\/?page_id=54","name":"Partenaires - G\u00e9os\u00e9minaire 2025","isPartOf":{"@id":"https:\/\/geoseminaire2025.teledetection.fr\/#website"},"primaryImageOfPage":{"@id":"https:\/\/geoseminaire2025.teledetection.fr\/?page_id=54#primaryimage"},"image":{"@id":"https:\/\/geoseminaire2025.teledetection.fr\/?page_id=54#primaryimage"},"thumbnailUrl":"https:\/\/geoseminaire2025.teledetection.fr\/wp-content\/uploads\/2025\/02\/Space-Invaders-Alien-PNG-Image.png","datePublished":"2025-01-01T17:45:15+00:00","dateModified":"2025-04-01T19:01:22+00:00","description":"Entre repr\u00e9sentation des territoires, attractivit\u00e9 et innovation, croiser les mondes de la g\u00e9omatique et du jeu vid\u00e9o.","breadcrumb":{"@id":"https:\/\/geoseminaire2025.teledetection.fr\/?page_id=54#breadcrumb"},"inLanguage":"fr-FR","potentialAction":[{"@type":"ReadAction","target":["https:\/\/geoseminaire2025.teledetection.fr\/?page_id=54"]}]},{"@type":"ImageObject","inLanguage":"fr-FR","@id":"https:\/\/geoseminaire2025.teledetection.fr\/?page_id=54#primaryimage","url":"https:\/\/geoseminaire2025.teledetection.fr\/wp-content\/uploads\/2025\/02\/Space-Invaders-Alien-PNG-Image.png","contentUrl":"https:\/\/geoseminaire2025.teledetection.fr\/wp-content\/uploads\/2025\/02\/Space-Invaders-Alien-PNG-Image.png","width":780,"height":660},{"@type":"BreadcrumbList","@id":"https:\/\/geoseminaire2025.teledetection.fr\/?page_id=54#breadcrumb","itemListElement":[{"@type":"ListItem","position":1,"name":"Accueil","item":"https:\/\/geoseminaire2025.teledetection.fr\/"},{"@type":"ListItem","position":2,"name":"Partenaires"}]},{"@type":"WebSite","@id":"https:\/\/geoseminaire2025.teledetection.fr\/#website","url":"https:\/\/geoseminaire2025.teledetection.fr\/","name":"G\u00e9os\u00e9minaire 2025","description":"GIS &amp; GAMING","publisher":{"@id":"https:\/\/geoseminaire2025.teledetection.fr\/#organization"},"alternateName":"G\u00e9os\u00e9minaire","potentialAction":[{"@type":"SearchAction","target":{"@type":"EntryPoint","urlTemplate":"https:\/\/geoseminaire2025.teledetection.fr\/?s={search_term_string}"},"query-input":{"@type":"PropertyValueSpecification","valueRequired":true,"valueName":"search_term_string"}}],"inLanguage":"fr-FR"},{"@type":"Organization","@id":"https:\/\/geoseminaire2025.teledetection.fr\/#organization","name":"G\u00e9os\u00e9minaire 2025","alternateName":"G\u00e9os\u00e9minaire","url":"https:\/\/geoseminaire2025.teledetection.fr\/","logo":{"@type":"ImageObject","inLanguage":"fr-FR","@id":"https:\/\/geoseminaire2025.teledetection.fr\/#\/schema\/logo\/image\/","url":"https:\/\/geoseminaire2025.teledetection.fr\/wp-content\/uploads\/2025\/01\/G-geoseminaire_sans_fond_capri.png","contentUrl":"https:\/\/geoseminaire2025.teledetection.fr\/wp-content\/uploads\/2025\/01\/G-geoseminaire_sans_fond_capri.png","width":1024,"height":1024,"caption":"G\u00e9os\u00e9minaire 2025"},"image":{"@id":"https:\/\/geoseminaire2025.teledetection.fr\/#\/schema\/logo\/image\/"},"sameAs":["https:\/\/www.facebook.com\/people\/Geoseminaire-2025\/61572608900768\/","https:\/\/www.youtube.com\/@geoseminairesilat9797","https:\/\/www.instagram.com\/geoseminaire\/"]}]}},"uagb_featured_image_src":{"full":false,"thumbnail":false,"medium":false,"medium_large":false,"large":false,"1536x1536":false,"2048x2048":false,"blogarise-slider-full":false,"blogarise-featured":false,"blogarise-medium":false},"uagb_author_info":{"display_name":"Salima Rakass","author_link":"https:\/\/geoseminaire2025.teledetection.fr\/?author=2"},"uagb_comment_info":0,"uagb_excerpt":"Nos Partenaires","_links":{"self":[{"href":"https:\/\/geoseminaire2025.teledetection.fr\/index.php?rest_route=\/wp\/v2\/pages\/54","targetHints":{"allow":["GET"]}}],"collection":[{"href":"https:\/\/geoseminaire2025.teledetection.fr\/index.php?rest_route=\/wp\/v2\/pages"}],"about":[{"href":"https:\/\/geoseminaire2025.teledetection.fr\/index.php?rest_route=\/wp\/v2\/types\/page"}],"author":[{"embeddable":true,"href":"https:\/\/geoseminaire2025.teledetection.fr\/index.php?rest_route=\/wp\/v2\/users\/2"}],"replies":[{"embeddable":true,"href":"https:\/\/geoseminaire2025.teledetection.fr\/index.php?rest_route=%2Fwp%2Fv2%2Fcomments&post=54"}],"version-history":[{"count":28,"href":"https:\/\/geoseminaire2025.teledetection.fr\/index.php?rest_route=\/wp\/v2\/pages\/54\/revisions"}],"predecessor-version":[{"id":1566,"href":"https:\/\/geoseminaire2025.teledetection.fr\/index.php?rest_route=\/wp\/v2\/pages\/54\/revisions\/1566"}],"wp:attachment":[{"href":"https:\/\/geoseminaire2025.teledetection.fr\/index.php?rest_route=%2Fwp%2Fv2%2Fmedia&parent=54"}],"curies":[{"name":"wp","href":"https:\/\/api.w.org\/{rel}","templated":true}]}}