{"id":1605,"date":"2025-04-16T21:55:24","date_gmt":"2025-04-16T19:55:24","guid":{"rendered":"https:\/\/geoseminaire2025.teledetection.fr\/?page_id=1605"},"modified":"2025-04-16T23:53:27","modified_gmt":"2025-04-16T21:53:27","slug":"slides","status":"publish","type":"page","link":"https:\/\/geoseminaire2025.teledetection.fr\/?page_id=1605","title":{"rendered":"Les Conf\u00e9rences"},"content":{"rendered":"\n<h1 class=\"wp-block-heading has-text-align-center has-white-color has-text-color has-background has-link-color has-x-large-font-size wp-elements-9e9b5fe8043b7fa411a703b550aba052\" style=\"background-color:#291283\"><img loading=\"lazy\" decoding=\"async\" width=\"55\" height=\"55\" class=\"wp-image-1569\" style=\"width: 55px;\" src=\"https:\/\/geoseminaire2025.teledetection.fr\/wp-content\/uploads\/2025\/04\/spaceship_530px.png\" alt=\"\" srcset=\"https:\/\/geoseminaire2025.teledetection.fr\/wp-content\/uploads\/2025\/04\/spaceship_530px.png 530w, https:\/\/geoseminaire2025.teledetection.fr\/wp-content\/uploads\/2025\/04\/spaceship_530px-300x300.png 300w, https:\/\/geoseminaire2025.teledetection.fr\/wp-content\/uploads\/2025\/04\/spaceship_530px-150x150.png 150w\" sizes=\"auto, (max-width: 55px) 100vw, 55px\" \/> <strong>Conf\u00e9rences<\/strong> <img loading=\"lazy\" decoding=\"async\" width=\"55\" height=\"55\" class=\"wp-image-1569\" style=\"width: 55px;\" src=\"https:\/\/geoseminaire2025.teledetection.fr\/wp-content\/uploads\/2025\/04\/spaceship_530px.png\" alt=\"\" srcset=\"https:\/\/geoseminaire2025.teledetection.fr\/wp-content\/uploads\/2025\/04\/spaceship_530px.png 530w, https:\/\/geoseminaire2025.teledetection.fr\/wp-content\/uploads\/2025\/04\/spaceship_530px-300x300.png 300w, https:\/\/geoseminaire2025.teledetection.fr\/wp-content\/uploads\/2025\/04\/spaceship_530px-150x150.png 150w\" sizes=\"auto, (max-width: 55px) 100vw, 55px\" \/><\/h1>\n\n\n\n<hr class=\"wp-block-separator has-text-color has-white-color has-alpha-channel-opacity has-white-background-color has-background is-style-default\"\/>\n\n\n\n<p class=\"has-text-align-center\" style=\"font-size:20px\"><strong><mark style=\"background-color:rgba(0, 0, 0, 0);color:#f19105\" class=\"has-inline-color\">Remy Gourrat <\/mark><mark style=\"background-color:rgba(0, 0, 0, 0);color:#dadada\" class=\"has-inline-color\">(AG-Carto)<\/mark><\/strong> <strong><mark style=\"background-color:rgba(0, 0, 0, 0)\" class=\"has-inline-color has-white-color\">:<\/mark><\/strong> <strong><mark style=\"background-color:rgba(0, 0, 0, 0);color:#9cb850\" class=\"has-inline-color\">GisInVR, dynamiser un Jumeau Num\u00e9rique avec un moteur de Jeu Vid\u00e9o<\/mark><\/strong><\/p>\n\n\n\n<iframe loading=\"lazy\" src=\"\/wp-content\/uploads\/2025\/04\/GisInVR Pr\u00e9sentation Geoseminaire diffusion.pdf\" width=\"100%\" height=\"465px\" style=\"border: none;\">\n<\/iframe>\n\n\n\n<p><strong><mark style=\"background-color:rgba(0, 0, 0, 0)\" class=\"has-inline-color has-white-color\">Pour en savoir plus :<\/mark> <\/strong><a href=\"https:\/\/gisinvr.com\/\" target=\"_blank\" rel=\"noreferrer noopener\"><strong>https:\/\/gisinvr.com<\/strong><\/a><\/p>\n\n\n\n<hr class=\"wp-block-separator has-text-color has-white-color has-alpha-channel-opacity has-white-background-color has-background\"\/>\n\n\n\n<p class=\"has-text-align-center\" style=\"font-size:20px\"><strong><mark style=\"background-color:rgba(0, 0, 0, 0);color:#ffc000\" class=\"has-inline-color\">Hugo Le Charpentier<\/mark><mark style=\"background-color:rgba(0, 0, 0, 0);color:#dadada\" class=\"has-inline-color\">(R\u00e9gion Occitanie)<\/mark><\/strong> <strong><mark style=\"background-color:rgba(0, 0, 0, 0)\" class=\"has-inline-color has-white-color\">:<\/mark> <\/strong><mark style=\"background-color:rgba(0, 0, 0, 0);color:#c33029\" class=\"has-inline-color\"><strong>Javols 360, une Immersion Virtuelle au c\u0153ur de la Cit\u00e9 Antique d\u2019Anderitum<\/strong><\/mark><\/p>\n\n\n\n<iframe loading=\"lazy\" src=\"\/wp-content\/uploads\/2025\/04\/JAVOLS_VR_REGION_OCCITANIE_GEOSEMINAIRE.pdf\" width=\"100%\" height=\"465px\" style=\"border: none;\">\n<\/iframe>\n\n\n\n<p><strong><mark style=\"background-color:rgba(0, 0, 0, 0)\" class=\"has-inline-color has-white-color\">Pour en savoir plus :<\/mark> <a href=\"https:\/\/patrimoines.laregion.fr\/actualites\/cite-antique-javols-360\" target=\"_blank\" rel=\"noreferrer noopener\">https:\/\/patrimoines.laregion.fr\/actualites\/cite-antique-javols-360<\/a><\/strong><\/p>\n\n\n\n<hr class=\"wp-block-separator has-text-color has-white-color has-alpha-channel-opacity has-white-background-color has-background\"\/>\n\n\n\n<p class=\"has-text-align-center has-medium-font-size\"><strong><mark style=\"background-color:rgba(0, 0, 0, 0);color:#29aafa\" class=\"has-inline-color\">Simon Billy<\/mark><mark style=\"background-color:rgba(0, 0, 0, 0);color:#dadada\" class=\"has-inline-color\">(VisionR)<\/mark> <mark style=\"background-color:rgba(0, 0, 0, 0)\" class=\"has-inline-color has-white-color\">:<\/mark><mark style=\"background-color:rgba(0, 0, 0, 0);color:#2d8eab\" class=\"has-inline-color\"> L\u2019Innovation Immersive au Service de la Gestion des Risques<\/mark><\/strong><\/p>\n\n\n\n<iframe loading=\"lazy\" src=\"\/wp-content\/uploads\/2025\/04\/Prez GEOSEMINAIRE_simon_billy.pdf\" width=\"100%\" height=\"465px\" style=\"border: none;\">\n<\/iframe>\n\n\n\n<p><strong><mark style=\"background-color:rgba(0, 0, 0, 0)\" class=\"has-inline-color has-white-color\">Pour en savoir plus :<\/mark> <a href=\"https:\/\/www.visionragency.com\/\" target=\"_blank\" rel=\"noreferrer noopener\">https:\/\/www.visionragency.com<\/a><\/strong><\/p>\n\n\n\n<hr class=\"wp-block-separator has-text-color has-white-color has-alpha-channel-opacity has-white-background-color has-background\"\/>\n\n\n\n<p class=\"has-text-align-center has-medium-font-size\"><strong><mark style=\"background-color:rgba(0, 0, 0, 0);color:#65d822\" class=\"has-inline-color\">Fran\u00e7ois Lecordix<\/mark><mark style=\"background-color:rgba(0, 0, 0, 0);color:#dadada\" class=\"has-inline-color\">(IGN)<\/mark> <mark style=\"background-color:rgba(0, 0, 0, 0)\" class=\"has-inline-color has-white-color\">:<\/mark><mark style=\"background-color:rgba(0, 0, 0, 0);color:#b07c51\" class=\"has-inline-color\"> Minecraft \u00e0 la carte, posez les premi\u00e8res briques d&rsquo;un jumeau num\u00e9rique<\/mark><\/strong><\/p>\n\n\n\n<iframe loading=\"lazy\" src=\"\/wp-content\/uploads\/2025\/04\/Geosminairee 2025-FLECORDIX.pdf\" width=\"100%\" height=\"465px\" style=\"border: none;\">\n<\/iframe>\n\n\n\n<p><strong><mark style=\"background-color:rgba(0, 0, 0, 0)\" class=\"has-inline-color has-white-color\">Pour en savoir plus :<\/mark> <a href=\"https:\/\/minecraft.ign.fr\/\" target=\"_blank\" rel=\"noreferrer noopener\">https:\/\/minecraft.ign.fr<\/a><\/strong><\/p>\n\n\n\n<hr class=\"wp-block-separator has-text-color has-white-color has-alpha-channel-opacity has-white-background-color has-background\"\/>\n\n\n\n<p class=\"has-text-align-center has-medium-font-size\"><strong><mark style=\"background-color:rgba(0, 0, 0, 0);color:#c4a4e8\" class=\"has-inline-color\">Eve Ben-Ha\u00efm<\/mark><mark style=\"background-color:rgba(0, 0, 0, 0);color:#dadada\" class=\"has-inline-color\">(Ubisoft)<\/mark> <\/strong><mark style=\"background-color:rgba(0, 0, 0, 0)\" class=\"has-inline-color has-white-color\"><strong>:<\/strong><\/mark><mark style=\"background-color:rgba(0, 0, 0, 0);color:#956a47\" class=\"has-inline-color\"> <\/mark><strong><mark style=\"background-color:rgba(0, 0, 0, 0)\" class=\"has-inline-color has-white-color\">La part de la G\u00e9ographie dans la conception de Jeu<\/mark><\/strong><\/p>\n\n\n\n<iframe loading=\"lazy\" src=\"\/wp-content\/uploads\/2025\/04\/G\u00e9ographie &#038; Jeux Vid\u00e9o - Pr\u00e9sentation.pdf\" width=\"100%\" height=\"465px\" style=\"border: none;\">\n<\/iframe>\n\n\n\n<p><strong><mark style=\"background-color:rgba(0, 0, 0, 0)\" class=\"has-inline-color has-white-color\">Pour en savoir plus :<\/mark> <a href=\"https:\/\/www.clionautes.org\/vingt-mille-lieux-sous-les-terres-jeux-video-et-exploration-de-lair-du-sol-et-du-sous-sol.html\" target=\"_blank\" rel=\"noreferrer noopener\">https:\/\/www.clionautes.org\/vingt-mille-lieux-sous-les-terres-jeux-video-et-exploration-de-lair-du-sol-et-du-sous-sol.html<\/a><\/strong><\/p>\n\n\n\n<hr class=\"wp-block-separator has-text-color has-white-color has-alpha-channel-opacity has-white-background-color has-background\"\/>\n\n\n\n<p><\/p>\n","protected":false},"excerpt":{"rendered":"<p>Conf\u00e9rences Remy Gourrat (AG-Carto) : GisInVR, dynamiser un Jumeau Num\u00e9rique avec un moteur de Jeu Vid\u00e9o Pour en savoir plus : https:\/\/gisinvr.com Hugo Le Charpentier(R\u00e9gion Occitanie) : Javols 360, une Immersion Virtuelle au c\u0153ur de la Cit\u00e9 Antique d\u2019Anderitum Pour en savoir plus : https:\/\/patrimoines.laregion.fr\/actualites\/cite-antique-javols-360 Simon Billy(VisionR) : L\u2019Innovation Immersive au Service de la Gestion [&hellip;]<\/p>\n","protected":false},"author":2,"featured_media":0,"parent":0,"menu_order":0,"comment_status":"closed","ping_status":"closed","template":"","meta":{"_uag_custom_page_level_css":"","footnotes":""},"class_list":["post-1605","page","type-page","status-publish","hentry"],"yoast_head":"<!-- This site is optimized with the Yoast SEO plugin v26.0 - https:\/\/yoast.com\/wordpress\/plugins\/seo\/ -->\n<title>Les Conf\u00e9rences - G\u00e9os\u00e9minaire 2025<\/title>\n<meta name=\"description\" content=\"Diaporamas conf\u00e9rences G\u00e9os\u00e9minaire 2025.\" \/>\n<meta name=\"robots\" content=\"index, follow, max-snippet:-1, max-image-preview:large, max-video-preview:-1\" \/>\n<link rel=\"canonical\" href=\"https:\/\/geoseminaire2025.teledetection.fr\/?page_id=1605\" \/>\n<meta property=\"og:locale\" content=\"fr_FR\" \/>\n<meta property=\"og:type\" content=\"article\" \/>\n<meta property=\"og:title\" content=\"Les Conf\u00e9rences - G\u00e9os\u00e9minaire 2025\" \/>\n<meta property=\"og:description\" content=\"Diaporamas conf\u00e9rences G\u00e9os\u00e9minaire 2025.\" \/>\n<meta property=\"og:url\" content=\"https:\/\/geoseminaire2025.teledetection.fr\/?page_id=1605\" \/>\n<meta property=\"og:site_name\" content=\"G\u00e9os\u00e9minaire 2025\" \/>\n<meta property=\"article:publisher\" content=\"https:\/\/www.facebook.com\/people\/Geoseminaire-2025\/61572608900768\/\" \/>\n<meta property=\"article:modified_time\" content=\"2025-04-16T21:53:27+00:00\" \/>\n<meta property=\"og:image\" content=\"https:\/\/geoseminaire2025.teledetection.fr\/wp-content\/uploads\/2025\/04\/spaceship_530px.png\" \/>\n\t<meta property=\"og:image:width\" content=\"530\" \/>\n\t<meta property=\"og:image:height\" content=\"530\" \/>\n\t<meta property=\"og:image:type\" content=\"image\/png\" \/>\n<meta name=\"twitter:card\" content=\"summary_large_image\" \/>\n<meta name=\"twitter:label1\" content=\"Dur\u00e9e de lecture estim\u00e9e\" \/>\n\t<meta name=\"twitter:data1\" content=\"1 minute\" \/>\n<script type=\"application\/ld+json\" class=\"yoast-schema-graph\">{\"@context\":\"https:\/\/schema.org\",\"@graph\":[{\"@type\":\"WebPage\",\"@id\":\"https:\/\/geoseminaire2025.teledetection.fr\/?page_id=1605\",\"url\":\"https:\/\/geoseminaire2025.teledetection.fr\/?page_id=1605\",\"name\":\"Les Conf\u00e9rences - G\u00e9os\u00e9minaire 2025\",\"isPartOf\":{\"@id\":\"https:\/\/geoseminaire2025.teledetection.fr\/#website\"},\"primaryImageOfPage\":{\"@id\":\"https:\/\/geoseminaire2025.teledetection.fr\/?page_id=1605#primaryimage\"},\"image\":{\"@id\":\"https:\/\/geoseminaire2025.teledetection.fr\/?page_id=1605#primaryimage\"},\"thumbnailUrl\":\"https:\/\/geoseminaire2025.teledetection.fr\/wp-content\/uploads\/2025\/04\/spaceship_530px.png\",\"datePublished\":\"2025-04-16T19:55:24+00:00\",\"dateModified\":\"2025-04-16T21:53:27+00:00\",\"description\":\"Diaporamas conf\u00e9rences G\u00e9os\u00e9minaire 2025.\",\"breadcrumb\":{\"@id\":\"https:\/\/geoseminaire2025.teledetection.fr\/?page_id=1605#breadcrumb\"},\"inLanguage\":\"fr-FR\",\"potentialAction\":[{\"@type\":\"ReadAction\",\"target\":[\"https:\/\/geoseminaire2025.teledetection.fr\/?page_id=1605\"]}]},{\"@type\":\"ImageObject\",\"inLanguage\":\"fr-FR\",\"@id\":\"https:\/\/geoseminaire2025.teledetection.fr\/?page_id=1605#primaryimage\",\"url\":\"https:\/\/geoseminaire2025.teledetection.fr\/wp-content\/uploads\/2025\/04\/spaceship_530px.png\",\"contentUrl\":\"https:\/\/geoseminaire2025.teledetection.fr\/wp-content\/uploads\/2025\/04\/spaceship_530px.png\",\"width\":530,\"height\":530},{\"@type\":\"BreadcrumbList\",\"@id\":\"https:\/\/geoseminaire2025.teledetection.fr\/?page_id=1605#breadcrumb\",\"itemListElement\":[{\"@type\":\"ListItem\",\"position\":1,\"name\":\"Accueil\",\"item\":\"https:\/\/geoseminaire2025.teledetection.fr\/\"},{\"@type\":\"ListItem\",\"position\":2,\"name\":\"Les Conf\u00e9rences\"}]},{\"@type\":\"WebSite\",\"@id\":\"https:\/\/geoseminaire2025.teledetection.fr\/#website\",\"url\":\"https:\/\/geoseminaire2025.teledetection.fr\/\",\"name\":\"G\u00e9os\u00e9minaire 2025\",\"description\":\"GIS &amp; GAMING\",\"publisher\":{\"@id\":\"https:\/\/geoseminaire2025.teledetection.fr\/#organization\"},\"alternateName\":\"G\u00e9os\u00e9minaire\",\"potentialAction\":[{\"@type\":\"SearchAction\",\"target\":{\"@type\":\"EntryPoint\",\"urlTemplate\":\"https:\/\/geoseminaire2025.teledetection.fr\/?s={search_term_string}\"},\"query-input\":{\"@type\":\"PropertyValueSpecification\",\"valueRequired\":true,\"valueName\":\"search_term_string\"}}],\"inLanguage\":\"fr-FR\"},{\"@type\":\"Organization\",\"@id\":\"https:\/\/geoseminaire2025.teledetection.fr\/#organization\",\"name\":\"G\u00e9os\u00e9minaire 2025\",\"alternateName\":\"G\u00e9os\u00e9minaire\",\"url\":\"https:\/\/geoseminaire2025.teledetection.fr\/\",\"logo\":{\"@type\":\"ImageObject\",\"inLanguage\":\"fr-FR\",\"@id\":\"https:\/\/geoseminaire2025.teledetection.fr\/#\/schema\/logo\/image\/\",\"url\":\"https:\/\/geoseminaire2025.teledetection.fr\/wp-content\/uploads\/2025\/01\/G-geoseminaire_sans_fond_capri.png\",\"contentUrl\":\"https:\/\/geoseminaire2025.teledetection.fr\/wp-content\/uploads\/2025\/01\/G-geoseminaire_sans_fond_capri.png\",\"width\":1024,\"height\":1024,\"caption\":\"G\u00e9os\u00e9minaire 2025\"},\"image\":{\"@id\":\"https:\/\/geoseminaire2025.teledetection.fr\/#\/schema\/logo\/image\/\"},\"sameAs\":[\"https:\/\/www.facebook.com\/people\/Geoseminaire-2025\/61572608900768\/\",\"https:\/\/www.youtube.com\/@geoseminairesilat9797\",\"https:\/\/www.instagram.com\/geoseminaire\/\"]}]}<\/script>\n<!-- \/ Yoast SEO plugin. -->","yoast_head_json":{"title":"Les Conf\u00e9rences - G\u00e9os\u00e9minaire 2025","description":"Diaporamas conf\u00e9rences G\u00e9os\u00e9minaire 2025.","robots":{"index":"index","follow":"follow","max-snippet":"max-snippet:-1","max-image-preview":"max-image-preview:large","max-video-preview":"max-video-preview:-1"},"canonical":"https:\/\/geoseminaire2025.teledetection.fr\/?page_id=1605","og_locale":"fr_FR","og_type":"article","og_title":"Les Conf\u00e9rences - G\u00e9os\u00e9minaire 2025","og_description":"Diaporamas conf\u00e9rences G\u00e9os\u00e9minaire 2025.","og_url":"https:\/\/geoseminaire2025.teledetection.fr\/?page_id=1605","og_site_name":"G\u00e9os\u00e9minaire 2025","article_publisher":"https:\/\/www.facebook.com\/people\/Geoseminaire-2025\/61572608900768\/","article_modified_time":"2025-04-16T21:53:27+00:00","og_image":[{"width":530,"height":530,"url":"https:\/\/geoseminaire2025.teledetection.fr\/wp-content\/uploads\/2025\/04\/spaceship_530px.png","type":"image\/png"}],"twitter_card":"summary_large_image","twitter_misc":{"Dur\u00e9e de lecture estim\u00e9e":"1 minute"},"schema":{"@context":"https:\/\/schema.org","@graph":[{"@type":"WebPage","@id":"https:\/\/geoseminaire2025.teledetection.fr\/?page_id=1605","url":"https:\/\/geoseminaire2025.teledetection.fr\/?page_id=1605","name":"Les Conf\u00e9rences - G\u00e9os\u00e9minaire 2025","isPartOf":{"@id":"https:\/\/geoseminaire2025.teledetection.fr\/#website"},"primaryImageOfPage":{"@id":"https:\/\/geoseminaire2025.teledetection.fr\/?page_id=1605#primaryimage"},"image":{"@id":"https:\/\/geoseminaire2025.teledetection.fr\/?page_id=1605#primaryimage"},"thumbnailUrl":"https:\/\/geoseminaire2025.teledetection.fr\/wp-content\/uploads\/2025\/04\/spaceship_530px.png","datePublished":"2025-04-16T19:55:24+00:00","dateModified":"2025-04-16T21:53:27+00:00","description":"Diaporamas conf\u00e9rences G\u00e9os\u00e9minaire 2025.","breadcrumb":{"@id":"https:\/\/geoseminaire2025.teledetection.fr\/?page_id=1605#breadcrumb"},"inLanguage":"fr-FR","potentialAction":[{"@type":"ReadAction","target":["https:\/\/geoseminaire2025.teledetection.fr\/?page_id=1605"]}]},{"@type":"ImageObject","inLanguage":"fr-FR","@id":"https:\/\/geoseminaire2025.teledetection.fr\/?page_id=1605#primaryimage","url":"https:\/\/geoseminaire2025.teledetection.fr\/wp-content\/uploads\/2025\/04\/spaceship_530px.png","contentUrl":"https:\/\/geoseminaire2025.teledetection.fr\/wp-content\/uploads\/2025\/04\/spaceship_530px.png","width":530,"height":530},{"@type":"BreadcrumbList","@id":"https:\/\/geoseminaire2025.teledetection.fr\/?page_id=1605#breadcrumb","itemListElement":[{"@type":"ListItem","position":1,"name":"Accueil","item":"https:\/\/geoseminaire2025.teledetection.fr\/"},{"@type":"ListItem","position":2,"name":"Les Conf\u00e9rences"}]},{"@type":"WebSite","@id":"https:\/\/geoseminaire2025.teledetection.fr\/#website","url":"https:\/\/geoseminaire2025.teledetection.fr\/","name":"G\u00e9os\u00e9minaire 2025","description":"GIS &amp; GAMING","publisher":{"@id":"https:\/\/geoseminaire2025.teledetection.fr\/#organization"},"alternateName":"G\u00e9os\u00e9minaire","potentialAction":[{"@type":"SearchAction","target":{"@type":"EntryPoint","urlTemplate":"https:\/\/geoseminaire2025.teledetection.fr\/?s={search_term_string}"},"query-input":{"@type":"PropertyValueSpecification","valueRequired":true,"valueName":"search_term_string"}}],"inLanguage":"fr-FR"},{"@type":"Organization","@id":"https:\/\/geoseminaire2025.teledetection.fr\/#organization","name":"G\u00e9os\u00e9minaire 2025","alternateName":"G\u00e9os\u00e9minaire","url":"https:\/\/geoseminaire2025.teledetection.fr\/","logo":{"@type":"ImageObject","inLanguage":"fr-FR","@id":"https:\/\/geoseminaire2025.teledetection.fr\/#\/schema\/logo\/image\/","url":"https:\/\/geoseminaire2025.teledetection.fr\/wp-content\/uploads\/2025\/01\/G-geoseminaire_sans_fond_capri.png","contentUrl":"https:\/\/geoseminaire2025.teledetection.fr\/wp-content\/uploads\/2025\/01\/G-geoseminaire_sans_fond_capri.png","width":1024,"height":1024,"caption":"G\u00e9os\u00e9minaire 2025"},"image":{"@id":"https:\/\/geoseminaire2025.teledetection.fr\/#\/schema\/logo\/image\/"},"sameAs":["https:\/\/www.facebook.com\/people\/Geoseminaire-2025\/61572608900768\/","https:\/\/www.youtube.com\/@geoseminairesilat9797","https:\/\/www.instagram.com\/geoseminaire\/"]}]}},"uagb_featured_image_src":{"full":false,"thumbnail":false,"medium":false,"medium_large":false,"large":false,"1536x1536":false,"2048x2048":false,"blogarise-slider-full":false,"blogarise-featured":false,"blogarise-medium":false},"uagb_author_info":{"display_name":"Salima Rakass","author_link":"https:\/\/geoseminaire2025.teledetection.fr\/?author=2"},"uagb_comment_info":0,"uagb_excerpt":"Conf\u00e9rences Remy Gourrat (AG-Carto) : GisInVR, dynamiser un Jumeau Num\u00e9rique avec un moteur de Jeu Vid\u00e9o Pour en savoir plus : https:\/\/gisinvr.com Hugo Le Charpentier(R\u00e9gion Occitanie) : Javols 360, une Immersion Virtuelle au c\u0153ur de la Cit\u00e9 Antique d\u2019Anderitum Pour en savoir plus : https:\/\/patrimoines.laregion.fr\/actualites\/cite-antique-javols-360 Simon Billy(VisionR) : L\u2019Innovation Immersive au Service de la Gestion\u2026","_links":{"self":[{"href":"https:\/\/geoseminaire2025.teledetection.fr\/index.php?rest_route=\/wp\/v2\/pages\/1605","targetHints":{"allow":["GET"]}}],"collection":[{"href":"https:\/\/geoseminaire2025.teledetection.fr\/index.php?rest_route=\/wp\/v2\/pages"}],"about":[{"href":"https:\/\/geoseminaire2025.teledetection.fr\/index.php?rest_route=\/wp\/v2\/types\/page"}],"author":[{"embeddable":true,"href":"https:\/\/geoseminaire2025.teledetection.fr\/index.php?rest_route=\/wp\/v2\/users\/2"}],"replies":[{"embeddable":true,"href":"https:\/\/geoseminaire2025.teledetection.fr\/index.php?rest_route=%2Fwp%2Fv2%2Fcomments&post=1605"}],"version-history":[{"count":66,"href":"https:\/\/geoseminaire2025.teledetection.fr\/index.php?rest_route=\/wp\/v2\/pages\/1605\/revisions"}],"predecessor-version":[{"id":1698,"href":"https:\/\/geoseminaire2025.teledetection.fr\/index.php?rest_route=\/wp\/v2\/pages\/1605\/revisions\/1698"}],"wp:attachment":[{"href":"https:\/\/geoseminaire2025.teledetection.fr\/index.php?rest_route=%2Fwp%2Fv2%2Fmedia&parent=1605"}],"curies":[{"name":"wp","href":"https:\/\/api.w.org\/{rel}","templated":true}]}}