{"id":1568,"date":"2025-04-02T20:41:32","date_gmt":"2025-04-02T18:41:32","guid":{"rendered":"https:\/\/geoseminaire2025.teledetection.fr\/?page_id=1568"},"modified":"2025-04-16T23:47:23","modified_gmt":"2025-04-16T21:47:23","slug":"decouvrez-la-rediffusion-du-geoseminaire-2025-sur-les-synergies-entre-geomatique-et-jeux-video","status":"publish","type":"page","link":"https:\/\/geoseminaire2025.teledetection.fr\/?page_id=1568","title":{"rendered":"Vid\u00e9os"},"content":{"rendered":"\n<h1 class=\"wp-block-heading has-text-align-center has-white-color has-text-color has-background has-link-color has-x-large-font-size wp-elements-5cbf129628a87cf720a9c5408f18312c\" style=\"background-color:#291283\"><img loading=\"lazy\" decoding=\"async\" width=\"55\" height=\"55\" class=\"wp-image-1569\" style=\"width: 55px;\" src=\"https:\/\/geoseminaire2025.teledetection.fr\/wp-content\/uploads\/2025\/04\/spaceship_530px.png\" alt=\"\" srcset=\"https:\/\/geoseminaire2025.teledetection.fr\/wp-content\/uploads\/2025\/04\/spaceship_530px.png 530w, https:\/\/geoseminaire2025.teledetection.fr\/wp-content\/uploads\/2025\/04\/spaceship_530px-300x300.png 300w, https:\/\/geoseminaire2025.teledetection.fr\/wp-content\/uploads\/2025\/04\/spaceship_530px-150x150.png 150w\" sizes=\"auto, (max-width: 55px) 100vw, 55px\" \/> <strong>VID\u00c9OS<\/strong> <img loading=\"lazy\" decoding=\"async\" width=\"55\" height=\"55\" class=\"wp-image-1569\" style=\"width: 55px;\" src=\"https:\/\/geoseminaire2025.teledetection.fr\/wp-content\/uploads\/2025\/04\/spaceship_530px.png\" alt=\"\" srcset=\"https:\/\/geoseminaire2025.teledetection.fr\/wp-content\/uploads\/2025\/04\/spaceship_530px.png 530w, https:\/\/geoseminaire2025.teledetection.fr\/wp-content\/uploads\/2025\/04\/spaceship_530px-300x300.png 300w, https:\/\/geoseminaire2025.teledetection.fr\/wp-content\/uploads\/2025\/04\/spaceship_530px-150x150.png 150w\" sizes=\"auto, (max-width: 55px) 100vw, 55px\" \/><\/h1>\n\n\n\n<div class=\"wp-block-uagb-slider uagb-block-8ca1b942 uagb-slider-container\"><div class=\"uagb-slides uagb-swiper\"><div class=\"swiper-wrapper\">\n<div class=\"wp-block-uagb-slider-child uagb-slider-child-wrap swiper-slide uagb-block-93a92208\"><div class=\"swiper-content\">\n<div class=\"wp-block-uagb-container uagb-block-0721c4ba alignfull uagb-is-root-container\"><div class=\"uagb-container-inner-blocks-wrap\">\n<figure class=\"wp-block-embed is-type-video is-provider-youtube wp-block-embed-youtube wp-embed-aspect-16-9 wp-has-aspect-ratio\"><div class=\"wp-block-embed__wrapper\">\n<iframe loading=\"lazy\" title=\"Geoseminaire AgroParisTech 2025  Conference Remy Gourrat : GIS in VR\" width=\"640\" height=\"360\" src=\"https:\/\/www.youtube.com\/embed\/wvwL-zM5wOw?start=4&#038;feature=oembed\" frameborder=\"0\" allow=\"accelerometer; autoplay; clipboard-write; encrypted-media; gyroscope; picture-in-picture; web-share\" referrerpolicy=\"strict-origin-when-cross-origin\" allowfullscreen><\/iframe>\n<\/div><\/figure>\n<\/div><\/div>\n<\/div><\/div>\n\n\n\n<div class=\"wp-block-uagb-slider-child uagb-slider-child-wrap swiper-slide uagb-block-7e6953ff\"><div class=\"swiper-content\">\n<div class=\"wp-block-uagb-container uagb-block-b42718cc alignfull uagb-is-root-container\"><div class=\"uagb-container-inner-blocks-wrap\">\n<figure class=\"wp-block-embed is-type-video is-provider-youtube wp-block-embed-youtube wp-embed-aspect-16-9 wp-has-aspect-ratio\"><div class=\"wp-block-embed__wrapper\">\n<iframe loading=\"lazy\" title=\"G\u00e9oseminaire AgroParisTech 2025  - H. Le Charpentier : Projet Javols de valorisation des territoires\" width=\"640\" height=\"360\" src=\"https:\/\/www.youtube.com\/embed\/VL-A1kodCYo?feature=oembed\" frameborder=\"0\" allow=\"accelerometer; autoplay; clipboard-write; encrypted-media; gyroscope; picture-in-picture; web-share\" referrerpolicy=\"strict-origin-when-cross-origin\" allowfullscreen><\/iframe>\n<\/div><\/figure>\n<\/div><\/div>\n<\/div><\/div>\n\n\n\n<div class=\"wp-block-uagb-slider-child uagb-slider-child-wrap swiper-slide uagb-block-0dfa2745\"><div class=\"swiper-content\">\n<div class=\"wp-block-uagb-container uagb-block-5954a8b2 alignfull uagb-is-root-container\"><div class=\"uagb-container-inner-blocks-wrap\">\n<figure class=\"wp-block-embed is-type-video is-provider-youtube wp-block-embed-youtube wp-embed-aspect-16-9 wp-has-aspect-ratio\"><div class=\"wp-block-embed__wrapper\">\n<iframe loading=\"lazy\" title=\"G\u00e9oseminaire AgroParisTech 2025   S  Billy   Mod\u00e8les 3D pour la pr\u00e9vention des risques\" width=\"640\" height=\"360\" src=\"https:\/\/www.youtube.com\/embed\/ljX2J_7Sm5Y?feature=oembed\" frameborder=\"0\" allow=\"accelerometer; autoplay; clipboard-write; encrypted-media; gyroscope; picture-in-picture; web-share\" referrerpolicy=\"strict-origin-when-cross-origin\" allowfullscreen><\/iframe>\n<\/div><\/figure>\n<\/div><\/div>\n<\/div><\/div>\n\n\n\n<div class=\"wp-block-uagb-slider-child uagb-slider-child-wrap swiper-slide uagb-block-16bdffe4\"><div class=\"swiper-content\">\n<div class=\"wp-block-uagb-container uagb-block-51a8c277 alignfull uagb-is-root-container\"><div class=\"uagb-container-inner-blocks-wrap\">\n<figure class=\"wp-block-embed is-type-video is-provider-youtube wp-block-embed-youtube wp-embed-aspect-16-9 wp-has-aspect-ratio\"><div class=\"wp-block-embed__wrapper\">\n<iframe loading=\"lazy\" title=\"G\u00e9oseminaire AgroParisTech 2025 - F.  Lecordix : Minecraft, m\u00e9diation et consultation citoyenne\" width=\"640\" height=\"360\" src=\"https:\/\/www.youtube.com\/embed\/0ks4ID4OcX8?feature=oembed\" frameborder=\"0\" allow=\"accelerometer; autoplay; clipboard-write; encrypted-media; gyroscope; picture-in-picture; web-share\" referrerpolicy=\"strict-origin-when-cross-origin\" allowfullscreen><\/iframe>\n<\/div><\/figure>\n<\/div><\/div>\n<\/div><\/div>\n\n\n\n<div class=\"wp-block-uagb-slider-child uagb-slider-child-wrap swiper-slide uagb-block-9528a7e8\"><div class=\"swiper-content\">\n<div class=\"wp-block-uagb-container uagb-block-b3310d21 alignfull uagb-is-root-container\"><div class=\"uagb-container-inner-blocks-wrap\">\n<figure class=\"wp-block-embed is-type-video is-provider-youtube wp-block-embed-youtube wp-embed-aspect-16-9 wp-has-aspect-ratio\"><div class=\"wp-block-embed__wrapper\">\n<iframe loading=\"lazy\" title=\"G\u00e9oseminaire AgroParisTech 2025 \u2013 E.  Ben Ha\u00efm : G\u00e9ographe de jeu vid\u00e9o\" width=\"640\" height=\"360\" src=\"https:\/\/www.youtube.com\/embed\/0xSk4ofqQBc?feature=oembed\" frameborder=\"0\" allow=\"accelerometer; autoplay; clipboard-write; encrypted-media; gyroscope; picture-in-picture; web-share\" referrerpolicy=\"strict-origin-when-cross-origin\" allowfullscreen><\/iframe>\n<\/div><\/figure>\n<\/div><\/div>\n<\/div><\/div>\n\n\n\n<div class=\"wp-block-uagb-slider-child uagb-slider-child-wrap swiper-slide uagb-block-c5f195c6\"><div class=\"swiper-content\">\n<div class=\"wp-block-uagb-container uagb-block-3b6e5f1c alignfull uagb-is-root-container\"><div class=\"uagb-container-inner-blocks-wrap\">\n<figure class=\"wp-block-embed is-type-video is-provider-youtube wp-block-embed-youtube wp-embed-aspect-16-9 wp-has-aspect-ratio\"><div class=\"wp-block-embed__wrapper\">\n<iframe loading=\"lazy\" title=\"G\u00e9oseminaire AgroParisTech 2025 : Table ronde et d\u00e9bats\" width=\"640\" height=\"360\" src=\"https:\/\/www.youtube.com\/embed\/6mSGd1vCl-c?feature=oembed\" frameborder=\"0\" allow=\"accelerometer; autoplay; clipboard-write; encrypted-media; gyroscope; picture-in-picture; web-share\" referrerpolicy=\"strict-origin-when-cross-origin\" allowfullscreen><\/iframe>\n<\/div><\/figure>\n<\/div><\/div>\n<\/div><\/div>\n<\/div><\/div><div class=\"swiper-pagination\"><\/div><div class=\"swiper-button-prev\"><\/div><div class=\"swiper-button-next\"><\/div><\/div>\n\n\n\n<div class=\"button-container\">\n    <a href=\"https:\/\/geoseminaire2025.teledetection.fr\/?page_id=1605\" target=\"_blank\" class=\"btn slide-btn\">\n        <i class=\"fas fa-star\"><\/i> Slides\n    <\/a>\n<\/div>\n\n<style>\n    .button-container {\n        display: flex;\n        justify-content: center;\n        margin-top: 50px;\n    }\n\n    .slide-btn {\n        background: linear-gradient(90deg, #5561d3, #5ce1e6, #6100ff, #8c52ff);\n        background-size: 300% 100%;\n        color: white !important;\n        font-size: 22px;\n        font-weight: bold;\n        padding: 15px 40px;\n        border: none;\n        border-radius: 12px;\n        box-shadow: 0 8px 20px rgba(0, 0, 0, 0.3);\n        text-decoration: none !important;\n        display: flex;\n        align-items: center;\n        gap: 12px;\n        cursor: pointer;\n        transition: background-position 0.6s ease, transform 0.3s ease;\n    }\n\n    .slide-btn:hover {\n        background-position: right;\n        transform: scale(1.08);\n    }\n\n    \/* Effet de scintillement de l'\u00e9toile au hover *\/\n    .slide-btn:hover i {\n        animation: shine 0.8s ease-in-out;\n        color: #fffacd; \/* Jaune clair pour la brillance *\/\n        text-shadow: 0 0 10px #fffacd, 0 0 20px #fffacd;\n    }\n\n    @keyframes shine {\n        0% { transform: scale(1); opacity: 1; }\n        50% { transform: scale(1.3); opacity: 0.8; }\n        100% { transform: scale(1); opacity: 1; }\n    }\n\n    .slide-btn i {\n        font-size: 22px;\n        transition: all 0.3s ease;\n    }\n<\/style>\n\n<!-- Font Awesome -->\n<link rel=\"stylesheet\" href=\"https:\/\/cdnjs.cloudflare.com\/ajax\/libs\/font-awesome\/6.5.0\/css\/all.min.css\">\n\n\n","protected":false},"excerpt":{"rendered":"<p>VID\u00c9OS Slides<\/p>\n","protected":false},"author":2,"featured_media":0,"parent":0,"menu_order":0,"comment_status":"closed","ping_status":"closed","template":"","meta":{"_uag_custom_page_level_css":"","footnotes":""},"class_list":["post-1568","page","type-page","status-publish","hentry"],"yoast_head":"<!-- This site is optimized with the Yoast SEO plugin v26.0 - https:\/\/yoast.com\/wordpress\/plugins\/seo\/ -->\n<title>Vid\u00e9os - G\u00e9os\u00e9minaire 2025<\/title>\n<meta name=\"description\" content=\"Entre repr\u00e9sentation des territoires, attractivit\u00e9 et innovation, croiser les mondes de la g\u00e9omatique et du jeu vid\u00e9o.\" \/>\n<meta name=\"robots\" content=\"index, follow, max-snippet:-1, max-image-preview:large, max-video-preview:-1\" \/>\n<link rel=\"canonical\" href=\"https:\/\/geoseminaire2025.teledetection.fr\/?page_id=1568\" \/>\n<meta property=\"og:locale\" content=\"fr_FR\" \/>\n<meta property=\"og:type\" content=\"article\" \/>\n<meta property=\"og:title\" content=\"Vid\u00e9os - G\u00e9os\u00e9minaire 2025\" \/>\n<meta property=\"og:description\" content=\"Entre repr\u00e9sentation des territoires, attractivit\u00e9 et innovation, croiser les mondes de la g\u00e9omatique et du jeu vid\u00e9o.\" \/>\n<meta property=\"og:url\" content=\"https:\/\/geoseminaire2025.teledetection.fr\/?page_id=1568\" \/>\n<meta property=\"og:site_name\" content=\"G\u00e9os\u00e9minaire 2025\" \/>\n<meta property=\"article:publisher\" content=\"https:\/\/www.facebook.com\/people\/Geoseminaire-2025\/61572608900768\/\" \/>\n<meta property=\"article:modified_time\" content=\"2025-04-16T21:47:23+00:00\" \/>\n<meta property=\"og:image\" content=\"https:\/\/geoseminaire2025.teledetection.fr\/wp-content\/uploads\/2025\/04\/spaceship_530px.png\" \/>\n\t<meta property=\"og:image:width\" content=\"530\" \/>\n\t<meta property=\"og:image:height\" content=\"530\" \/>\n\t<meta property=\"og:image:type\" content=\"image\/png\" \/>\n<meta name=\"twitter:card\" content=\"summary_large_image\" \/>\n<meta name=\"twitter:label1\" content=\"Dur\u00e9e de lecture estim\u00e9e\" \/>\n\t<meta name=\"twitter:data1\" content=\"1 minute\" \/>\n<script type=\"application\/ld+json\" class=\"yoast-schema-graph\">{\"@context\":\"https:\/\/schema.org\",\"@graph\":[{\"@type\":\"WebPage\",\"@id\":\"https:\/\/geoseminaire2025.teledetection.fr\/?page_id=1568\",\"url\":\"https:\/\/geoseminaire2025.teledetection.fr\/?page_id=1568\",\"name\":\"Vid\u00e9os - G\u00e9os\u00e9minaire 2025\",\"isPartOf\":{\"@id\":\"https:\/\/geoseminaire2025.teledetection.fr\/#website\"},\"primaryImageOfPage\":{\"@id\":\"https:\/\/geoseminaire2025.teledetection.fr\/?page_id=1568#primaryimage\"},\"image\":{\"@id\":\"https:\/\/geoseminaire2025.teledetection.fr\/?page_id=1568#primaryimage\"},\"thumbnailUrl\":\"https:\/\/geoseminaire2025.teledetection.fr\/wp-content\/uploads\/2025\/04\/spaceship_530px.png\",\"datePublished\":\"2025-04-02T18:41:32+00:00\",\"dateModified\":\"2025-04-16T21:47:23+00:00\",\"description\":\"Entre repr\u00e9sentation des territoires, attractivit\u00e9 et innovation, croiser les mondes de la g\u00e9omatique et du jeu vid\u00e9o.\",\"breadcrumb\":{\"@id\":\"https:\/\/geoseminaire2025.teledetection.fr\/?page_id=1568#breadcrumb\"},\"inLanguage\":\"fr-FR\",\"potentialAction\":[{\"@type\":\"ReadAction\",\"target\":[\"https:\/\/geoseminaire2025.teledetection.fr\/?page_id=1568\"]}]},{\"@type\":\"ImageObject\",\"inLanguage\":\"fr-FR\",\"@id\":\"https:\/\/geoseminaire2025.teledetection.fr\/?page_id=1568#primaryimage\",\"url\":\"https:\/\/geoseminaire2025.teledetection.fr\/wp-content\/uploads\/2025\/04\/spaceship_530px.png\",\"contentUrl\":\"https:\/\/geoseminaire2025.teledetection.fr\/wp-content\/uploads\/2025\/04\/spaceship_530px.png\",\"width\":530,\"height\":530},{\"@type\":\"BreadcrumbList\",\"@id\":\"https:\/\/geoseminaire2025.teledetection.fr\/?page_id=1568#breadcrumb\",\"itemListElement\":[{\"@type\":\"ListItem\",\"position\":1,\"name\":\"Accueil\",\"item\":\"https:\/\/geoseminaire2025.teledetection.fr\/\"},{\"@type\":\"ListItem\",\"position\":2,\"name\":\"Vid\u00e9os\"}]},{\"@type\":\"WebSite\",\"@id\":\"https:\/\/geoseminaire2025.teledetection.fr\/#website\",\"url\":\"https:\/\/geoseminaire2025.teledetection.fr\/\",\"name\":\"G\u00e9os\u00e9minaire 2025\",\"description\":\"GIS &amp; GAMING\",\"publisher\":{\"@id\":\"https:\/\/geoseminaire2025.teledetection.fr\/#organization\"},\"alternateName\":\"G\u00e9os\u00e9minaire\",\"potentialAction\":[{\"@type\":\"SearchAction\",\"target\":{\"@type\":\"EntryPoint\",\"urlTemplate\":\"https:\/\/geoseminaire2025.teledetection.fr\/?s={search_term_string}\"},\"query-input\":{\"@type\":\"PropertyValueSpecification\",\"valueRequired\":true,\"valueName\":\"search_term_string\"}}],\"inLanguage\":\"fr-FR\"},{\"@type\":\"Organization\",\"@id\":\"https:\/\/geoseminaire2025.teledetection.fr\/#organization\",\"name\":\"G\u00e9os\u00e9minaire 2025\",\"alternateName\":\"G\u00e9os\u00e9minaire\",\"url\":\"https:\/\/geoseminaire2025.teledetection.fr\/\",\"logo\":{\"@type\":\"ImageObject\",\"inLanguage\":\"fr-FR\",\"@id\":\"https:\/\/geoseminaire2025.teledetection.fr\/#\/schema\/logo\/image\/\",\"url\":\"https:\/\/geoseminaire2025.teledetection.fr\/wp-content\/uploads\/2025\/01\/G-geoseminaire_sans_fond_capri.png\",\"contentUrl\":\"https:\/\/geoseminaire2025.teledetection.fr\/wp-content\/uploads\/2025\/01\/G-geoseminaire_sans_fond_capri.png\",\"width\":1024,\"height\":1024,\"caption\":\"G\u00e9os\u00e9minaire 2025\"},\"image\":{\"@id\":\"https:\/\/geoseminaire2025.teledetection.fr\/#\/schema\/logo\/image\/\"},\"sameAs\":[\"https:\/\/www.facebook.com\/people\/Geoseminaire-2025\/61572608900768\/\",\"https:\/\/www.youtube.com\/@geoseminairesilat9797\",\"https:\/\/www.instagram.com\/geoseminaire\/\"]}]}<\/script>\n<!-- \/ Yoast SEO plugin. -->","yoast_head_json":{"title":"Vid\u00e9os - G\u00e9os\u00e9minaire 2025","description":"Entre repr\u00e9sentation des territoires, attractivit\u00e9 et innovation, croiser les mondes de la g\u00e9omatique et du jeu vid\u00e9o.","robots":{"index":"index","follow":"follow","max-snippet":"max-snippet:-1","max-image-preview":"max-image-preview:large","max-video-preview":"max-video-preview:-1"},"canonical":"https:\/\/geoseminaire2025.teledetection.fr\/?page_id=1568","og_locale":"fr_FR","og_type":"article","og_title":"Vid\u00e9os - G\u00e9os\u00e9minaire 2025","og_description":"Entre repr\u00e9sentation des territoires, attractivit\u00e9 et innovation, croiser les mondes de la g\u00e9omatique et du jeu vid\u00e9o.","og_url":"https:\/\/geoseminaire2025.teledetection.fr\/?page_id=1568","og_site_name":"G\u00e9os\u00e9minaire 2025","article_publisher":"https:\/\/www.facebook.com\/people\/Geoseminaire-2025\/61572608900768\/","article_modified_time":"2025-04-16T21:47:23+00:00","og_image":[{"width":530,"height":530,"url":"https:\/\/geoseminaire2025.teledetection.fr\/wp-content\/uploads\/2025\/04\/spaceship_530px.png","type":"image\/png"}],"twitter_card":"summary_large_image","twitter_misc":{"Dur\u00e9e de lecture estim\u00e9e":"1 minute"},"schema":{"@context":"https:\/\/schema.org","@graph":[{"@type":"WebPage","@id":"https:\/\/geoseminaire2025.teledetection.fr\/?page_id=1568","url":"https:\/\/geoseminaire2025.teledetection.fr\/?page_id=1568","name":"Vid\u00e9os - G\u00e9os\u00e9minaire 2025","isPartOf":{"@id":"https:\/\/geoseminaire2025.teledetection.fr\/#website"},"primaryImageOfPage":{"@id":"https:\/\/geoseminaire2025.teledetection.fr\/?page_id=1568#primaryimage"},"image":{"@id":"https:\/\/geoseminaire2025.teledetection.fr\/?page_id=1568#primaryimage"},"thumbnailUrl":"https:\/\/geoseminaire2025.teledetection.fr\/wp-content\/uploads\/2025\/04\/spaceship_530px.png","datePublished":"2025-04-02T18:41:32+00:00","dateModified":"2025-04-16T21:47:23+00:00","description":"Entre repr\u00e9sentation des territoires, attractivit\u00e9 et innovation, croiser les mondes de la g\u00e9omatique et du jeu vid\u00e9o.","breadcrumb":{"@id":"https:\/\/geoseminaire2025.teledetection.fr\/?page_id=1568#breadcrumb"},"inLanguage":"fr-FR","potentialAction":[{"@type":"ReadAction","target":["https:\/\/geoseminaire2025.teledetection.fr\/?page_id=1568"]}]},{"@type":"ImageObject","inLanguage":"fr-FR","@id":"https:\/\/geoseminaire2025.teledetection.fr\/?page_id=1568#primaryimage","url":"https:\/\/geoseminaire2025.teledetection.fr\/wp-content\/uploads\/2025\/04\/spaceship_530px.png","contentUrl":"https:\/\/geoseminaire2025.teledetection.fr\/wp-content\/uploads\/2025\/04\/spaceship_530px.png","width":530,"height":530},{"@type":"BreadcrumbList","@id":"https:\/\/geoseminaire2025.teledetection.fr\/?page_id=1568#breadcrumb","itemListElement":[{"@type":"ListItem","position":1,"name":"Accueil","item":"https:\/\/geoseminaire2025.teledetection.fr\/"},{"@type":"ListItem","position":2,"name":"Vid\u00e9os"}]},{"@type":"WebSite","@id":"https:\/\/geoseminaire2025.teledetection.fr\/#website","url":"https:\/\/geoseminaire2025.teledetection.fr\/","name":"G\u00e9os\u00e9minaire 2025","description":"GIS &amp; GAMING","publisher":{"@id":"https:\/\/geoseminaire2025.teledetection.fr\/#organization"},"alternateName":"G\u00e9os\u00e9minaire","potentialAction":[{"@type":"SearchAction","target":{"@type":"EntryPoint","urlTemplate":"https:\/\/geoseminaire2025.teledetection.fr\/?s={search_term_string}"},"query-input":{"@type":"PropertyValueSpecification","valueRequired":true,"valueName":"search_term_string"}}],"inLanguage":"fr-FR"},{"@type":"Organization","@id":"https:\/\/geoseminaire2025.teledetection.fr\/#organization","name":"G\u00e9os\u00e9minaire 2025","alternateName":"G\u00e9os\u00e9minaire","url":"https:\/\/geoseminaire2025.teledetection.fr\/","logo":{"@type":"ImageObject","inLanguage":"fr-FR","@id":"https:\/\/geoseminaire2025.teledetection.fr\/#\/schema\/logo\/image\/","url":"https:\/\/geoseminaire2025.teledetection.fr\/wp-content\/uploads\/2025\/01\/G-geoseminaire_sans_fond_capri.png","contentUrl":"https:\/\/geoseminaire2025.teledetection.fr\/wp-content\/uploads\/2025\/01\/G-geoseminaire_sans_fond_capri.png","width":1024,"height":1024,"caption":"G\u00e9os\u00e9minaire 2025"},"image":{"@id":"https:\/\/geoseminaire2025.teledetection.fr\/#\/schema\/logo\/image\/"},"sameAs":["https:\/\/www.facebook.com\/people\/Geoseminaire-2025\/61572608900768\/","https:\/\/www.youtube.com\/@geoseminairesilat9797","https:\/\/www.instagram.com\/geoseminaire\/"]}]}},"uagb_featured_image_src":{"full":false,"thumbnail":false,"medium":false,"medium_large":false,"large":false,"1536x1536":false,"2048x2048":false,"blogarise-slider-full":false,"blogarise-featured":false,"blogarise-medium":false},"uagb_author_info":{"display_name":"Salima Rakass","author_link":"https:\/\/geoseminaire2025.teledetection.fr\/?author=2"},"uagb_comment_info":0,"uagb_excerpt":"VID\u00c9OS Slides","_links":{"self":[{"href":"https:\/\/geoseminaire2025.teledetection.fr\/index.php?rest_route=\/wp\/v2\/pages\/1568","targetHints":{"allow":["GET"]}}],"collection":[{"href":"https:\/\/geoseminaire2025.teledetection.fr\/index.php?rest_route=\/wp\/v2\/pages"}],"about":[{"href":"https:\/\/geoseminaire2025.teledetection.fr\/index.php?rest_route=\/wp\/v2\/types\/page"}],"author":[{"embeddable":true,"href":"https:\/\/geoseminaire2025.teledetection.fr\/index.php?rest_route=\/wp\/v2\/users\/2"}],"replies":[{"embeddable":true,"href":"https:\/\/geoseminaire2025.teledetection.fr\/index.php?rest_route=%2Fwp%2Fv2%2Fcomments&post=1568"}],"version-history":[{"count":15,"href":"https:\/\/geoseminaire2025.teledetection.fr\/index.php?rest_route=\/wp\/v2\/pages\/1568\/revisions"}],"predecessor-version":[{"id":1696,"href":"https:\/\/geoseminaire2025.teledetection.fr\/index.php?rest_route=\/wp\/v2\/pages\/1568\/revisions\/1696"}],"wp:attachment":[{"href":"https:\/\/geoseminaire2025.teledetection.fr\/index.php?rest_route=%2Fwp%2Fv2%2Fmedia&parent=1568"}],"curies":[{"name":"wp","href":"https:\/\/api.w.org\/{rel}","templated":true}]}}