{"id":144,"date":"2025-01-02T01:39:58","date_gmt":"2025-01-02T00:39:58","guid":{"rendered":"https:\/\/geoseminaire2025.teledetection.fr\/?page_id=144"},"modified":"2025-03-02T10:05:27","modified_gmt":"2025-03-02T09:05:27","slug":"super-mario-bros","status":"publish","type":"page","link":"https:\/\/geoseminaire2025.teledetection.fr\/?page_id=144","title":{"rendered":"Retro Gaming"},"content":{"rendered":"\n<style>\n    .emulator {\n         width: 600px;\n         height: 600px;\n         margin-left: auto;\n         margin-right: auto;\n         display: block;\n    }  \n<\/style>\n<div class=\"emulator\" id=\"emulator\">\n    <canvas id=\"retro-game-emulator-canvas\" width=\"256\" height=\"240\" style=\"width: 100%;display:none;margin-bottom:10px\"><\/canvas>\n<select id=\"retro-game-emulator-game-select\" class=\"form-control\">\n    <option>- Select Rom -<\/option>\n            <option value=\"https:\/\/geoseminaire2025.teledetection.fr\/wp-content\/uploads\/retro-game-emulator\/Bomber_man.nes\">Bomber_man.nes<\/option>\n            <option value=\"https:\/\/geoseminaire2025.teledetection.fr\/wp-content\/uploads\/retro-game-emulator\/Ninja_gaiden.nes\">Ninja_gaiden.nes<\/option>\n            <option value=\"https:\/\/geoseminaire2025.teledetection.fr\/wp-content\/uploads\/retro-game-emulator\/Super_mario_brothers.nes\">Super_mario_brothers.nes<\/option>\n            <option value=\"https:\/\/geoseminaire2025.teledetection.fr\/wp-content\/uploads\/retro-game-emulator\/Tetris (USA).nes\">Tetris (USA).nes<\/option>\n    <\/select>\n<h3>Controls<\/h3>\n<table>\n    <tr>\n        <th>Button<\/th>\n        <th>Player 1<\/th>\n        <th>Player 2<\/th>\n    <\/tr>\n    <tr>\n        <td>Gauche<\/td>\n        <td>Gauche<\/td>\n        <td>Num-4<\/td>\n    <tr>\n        <td>Droite<\/td>\n        <td>Droite<\/td>\n        <td>Num-6<\/td>\n    <\/tr>\n    <tr>\n        <td>Up<\/td>\n        <td>Up<\/td>\n        <td>Num-8<\/td>\n    <\/tr>\n    <tr>\n        <td>Down<\/td>\n        <td>Down<\/td>\n        <td>Num-2<\/td>\n    <\/tr>\n    <tr>\n        <td>A<\/td>\n        <td>A<\/td>\n        <td>Num-7<\/td>\n    <\/tr>\n    <tr>\n        <td>B<\/td>\n        <td>S<\/td>\n        <td>Num-9<\/td>\n    <\/tr>\n    <tr>\n        <td>Start<\/td>\n        <td>Enter<\/td>\n        <td>Num-1<\/td>\n    <\/tr>\n    <tr>\n        <td>S\u00e9lectionner<\/td>\n        <td>Tab<\/td>\n        <td>Num-3<\/td>\n    <\/tr>\n<\/table>\n<\/div>\n","protected":false},"excerpt":{"rendered":"","protected":false},"author":2,"featured_media":0,"parent":0,"menu_order":0,"comment_status":"closed","ping_status":"closed","template":"","meta":{"_uag_custom_page_level_css":"","footnotes":""},"class_list":["post-144","page","type-page","status-publish","hentry"],"yoast_head":"<!-- This site is optimized with the Yoast SEO plugin v26.0 - https:\/\/yoast.com\/wordpress\/plugins\/seo\/ -->\n<title>Retro Gaming - G\u00e9os\u00e9minaire 2025<\/title>\n<meta name=\"description\" content=\"Entre repr\u00e9sentation des territoires, attractivit\u00e9 et innovation, croiser les mondes de la g\u00e9omatique et du jeu vid\u00e9o.\" \/>\n<meta name=\"robots\" content=\"index, follow, max-snippet:-1, max-image-preview:large, max-video-preview:-1\" \/>\n<link rel=\"canonical\" href=\"https:\/\/geoseminaire2025.teledetection.fr\/?page_id=144\" \/>\n<meta property=\"og:locale\" content=\"fr_FR\" \/>\n<meta property=\"og:type\" content=\"article\" \/>\n<meta property=\"og:title\" content=\"Retro Gaming - G\u00e9os\u00e9minaire 2025\" \/>\n<meta property=\"og:description\" content=\"Entre repr\u00e9sentation des territoires, attractivit\u00e9 et innovation, croiser les mondes de la g\u00e9omatique et du jeu vid\u00e9o.\" \/>\n<meta property=\"og:url\" content=\"https:\/\/geoseminaire2025.teledetection.fr\/?page_id=144\" \/>\n<meta property=\"og:site_name\" content=\"G\u00e9os\u00e9minaire 2025\" \/>\n<meta property=\"article:publisher\" content=\"https:\/\/www.facebook.com\/people\/Geoseminaire-2025\/61572608900768\/\" \/>\n<meta property=\"article:modified_time\" content=\"2025-03-02T09:05:27+00:00\" \/>\n<meta property=\"og:image\" content=\"https:\/\/geoseminaire2025.teledetection.fr\/wp-content\/uploads\/2025\/01\/G-geoseminaire_sans_fond_capri.png\" \/>\n\t<meta property=\"og:image:width\" content=\"1024\" \/>\n\t<meta property=\"og:image:height\" content=\"1024\" \/>\n\t<meta property=\"og:image:type\" content=\"image\/png\" \/>\n<meta name=\"twitter:card\" content=\"summary_large_image\" \/>\n<meta name=\"twitter:label1\" content=\"Dur\u00e9e de lecture estim\u00e9e\" \/>\n\t<meta name=\"twitter:data1\" content=\"1 minute\" \/>\n<script type=\"application\/ld+json\" class=\"yoast-schema-graph\">{\"@context\":\"https:\/\/schema.org\",\"@graph\":[{\"@type\":\"WebPage\",\"@id\":\"https:\/\/geoseminaire2025.teledetection.fr\/?page_id=144\",\"url\":\"https:\/\/geoseminaire2025.teledetection.fr\/?page_id=144\",\"name\":\"Retro Gaming - G\u00e9os\u00e9minaire 2025\",\"isPartOf\":{\"@id\":\"https:\/\/geoseminaire2025.teledetection.fr\/#website\"},\"datePublished\":\"2025-01-02T00:39:58+00:00\",\"dateModified\":\"2025-03-02T09:05:27+00:00\",\"description\":\"Entre repr\u00e9sentation des territoires, attractivit\u00e9 et innovation, croiser les mondes de la g\u00e9omatique et du jeu vid\u00e9o.\",\"breadcrumb\":{\"@id\":\"https:\/\/geoseminaire2025.teledetection.fr\/?page_id=144#breadcrumb\"},\"inLanguage\":\"fr-FR\",\"potentialAction\":[{\"@type\":\"ReadAction\",\"target\":[\"https:\/\/geoseminaire2025.teledetection.fr\/?page_id=144\"]}]},{\"@type\":\"BreadcrumbList\",\"@id\":\"https:\/\/geoseminaire2025.teledetection.fr\/?page_id=144#breadcrumb\",\"itemListElement\":[{\"@type\":\"ListItem\",\"position\":1,\"name\":\"Accueil\",\"item\":\"https:\/\/geoseminaire2025.teledetection.fr\/\"},{\"@type\":\"ListItem\",\"position\":2,\"name\":\"Retro Gaming\"}]},{\"@type\":\"WebSite\",\"@id\":\"https:\/\/geoseminaire2025.teledetection.fr\/#website\",\"url\":\"https:\/\/geoseminaire2025.teledetection.fr\/\",\"name\":\"G\u00e9os\u00e9minaire 2025\",\"description\":\"GIS &amp; GAMING\",\"publisher\":{\"@id\":\"https:\/\/geoseminaire2025.teledetection.fr\/#organization\"},\"alternateName\":\"G\u00e9os\u00e9minaire\",\"potentialAction\":[{\"@type\":\"SearchAction\",\"target\":{\"@type\":\"EntryPoint\",\"urlTemplate\":\"https:\/\/geoseminaire2025.teledetection.fr\/?s={search_term_string}\"},\"query-input\":{\"@type\":\"PropertyValueSpecification\",\"valueRequired\":true,\"valueName\":\"search_term_string\"}}],\"inLanguage\":\"fr-FR\"},{\"@type\":\"Organization\",\"@id\":\"https:\/\/geoseminaire2025.teledetection.fr\/#organization\",\"name\":\"G\u00e9os\u00e9minaire 2025\",\"alternateName\":\"G\u00e9os\u00e9minaire\",\"url\":\"https:\/\/geoseminaire2025.teledetection.fr\/\",\"logo\":{\"@type\":\"ImageObject\",\"inLanguage\":\"fr-FR\",\"@id\":\"https:\/\/geoseminaire2025.teledetection.fr\/#\/schema\/logo\/image\/\",\"url\":\"https:\/\/geoseminaire2025.teledetection.fr\/wp-content\/uploads\/2025\/01\/G-geoseminaire_sans_fond_capri.png\",\"contentUrl\":\"https:\/\/geoseminaire2025.teledetection.fr\/wp-content\/uploads\/2025\/01\/G-geoseminaire_sans_fond_capri.png\",\"width\":1024,\"height\":1024,\"caption\":\"G\u00e9os\u00e9minaire 2025\"},\"image\":{\"@id\":\"https:\/\/geoseminaire2025.teledetection.fr\/#\/schema\/logo\/image\/\"},\"sameAs\":[\"https:\/\/www.facebook.com\/people\/Geoseminaire-2025\/61572608900768\/\",\"https:\/\/www.youtube.com\/@geoseminairesilat9797\",\"https:\/\/www.instagram.com\/geoseminaire\/\"]}]}<\/script>\n<!-- \/ Yoast SEO plugin. -->","yoast_head_json":{"title":"Retro Gaming - G\u00e9os\u00e9minaire 2025","description":"Entre repr\u00e9sentation des territoires, attractivit\u00e9 et innovation, croiser les mondes de la g\u00e9omatique et du jeu vid\u00e9o.","robots":{"index":"index","follow":"follow","max-snippet":"max-snippet:-1","max-image-preview":"max-image-preview:large","max-video-preview":"max-video-preview:-1"},"canonical":"https:\/\/geoseminaire2025.teledetection.fr\/?page_id=144","og_locale":"fr_FR","og_type":"article","og_title":"Retro Gaming - G\u00e9os\u00e9minaire 2025","og_description":"Entre repr\u00e9sentation des territoires, attractivit\u00e9 et innovation, croiser les mondes de la g\u00e9omatique et du jeu vid\u00e9o.","og_url":"https:\/\/geoseminaire2025.teledetection.fr\/?page_id=144","og_site_name":"G\u00e9os\u00e9minaire 2025","article_publisher":"https:\/\/www.facebook.com\/people\/Geoseminaire-2025\/61572608900768\/","article_modified_time":"2025-03-02T09:05:27+00:00","og_image":[{"width":1024,"height":1024,"url":"https:\/\/geoseminaire2025.teledetection.fr\/wp-content\/uploads\/2025\/01\/G-geoseminaire_sans_fond_capri.png","type":"image\/png"}],"twitter_card":"summary_large_image","twitter_misc":{"Dur\u00e9e de lecture estim\u00e9e":"1 minute"},"schema":{"@context":"https:\/\/schema.org","@graph":[{"@type":"WebPage","@id":"https:\/\/geoseminaire2025.teledetection.fr\/?page_id=144","url":"https:\/\/geoseminaire2025.teledetection.fr\/?page_id=144","name":"Retro Gaming - G\u00e9os\u00e9minaire 2025","isPartOf":{"@id":"https:\/\/geoseminaire2025.teledetection.fr\/#website"},"datePublished":"2025-01-02T00:39:58+00:00","dateModified":"2025-03-02T09:05:27+00:00","description":"Entre repr\u00e9sentation des territoires, attractivit\u00e9 et innovation, croiser les mondes de la g\u00e9omatique et du jeu vid\u00e9o.","breadcrumb":{"@id":"https:\/\/geoseminaire2025.teledetection.fr\/?page_id=144#breadcrumb"},"inLanguage":"fr-FR","potentialAction":[{"@type":"ReadAction","target":["https:\/\/geoseminaire2025.teledetection.fr\/?page_id=144"]}]},{"@type":"BreadcrumbList","@id":"https:\/\/geoseminaire2025.teledetection.fr\/?page_id=144#breadcrumb","itemListElement":[{"@type":"ListItem","position":1,"name":"Accueil","item":"https:\/\/geoseminaire2025.teledetection.fr\/"},{"@type":"ListItem","position":2,"name":"Retro Gaming"}]},{"@type":"WebSite","@id":"https:\/\/geoseminaire2025.teledetection.fr\/#website","url":"https:\/\/geoseminaire2025.teledetection.fr\/","name":"G\u00e9os\u00e9minaire 2025","description":"GIS &amp; GAMING","publisher":{"@id":"https:\/\/geoseminaire2025.teledetection.fr\/#organization"},"alternateName":"G\u00e9os\u00e9minaire","potentialAction":[{"@type":"SearchAction","target":{"@type":"EntryPoint","urlTemplate":"https:\/\/geoseminaire2025.teledetection.fr\/?s={search_term_string}"},"query-input":{"@type":"PropertyValueSpecification","valueRequired":true,"valueName":"search_term_string"}}],"inLanguage":"fr-FR"},{"@type":"Organization","@id":"https:\/\/geoseminaire2025.teledetection.fr\/#organization","name":"G\u00e9os\u00e9minaire 2025","alternateName":"G\u00e9os\u00e9minaire","url":"https:\/\/geoseminaire2025.teledetection.fr\/","logo":{"@type":"ImageObject","inLanguage":"fr-FR","@id":"https:\/\/geoseminaire2025.teledetection.fr\/#\/schema\/logo\/image\/","url":"https:\/\/geoseminaire2025.teledetection.fr\/wp-content\/uploads\/2025\/01\/G-geoseminaire_sans_fond_capri.png","contentUrl":"https:\/\/geoseminaire2025.teledetection.fr\/wp-content\/uploads\/2025\/01\/G-geoseminaire_sans_fond_capri.png","width":1024,"height":1024,"caption":"G\u00e9os\u00e9minaire 2025"},"image":{"@id":"https:\/\/geoseminaire2025.teledetection.fr\/#\/schema\/logo\/image\/"},"sameAs":["https:\/\/www.facebook.com\/people\/Geoseminaire-2025\/61572608900768\/","https:\/\/www.youtube.com\/@geoseminairesilat9797","https:\/\/www.instagram.com\/geoseminaire\/"]}]}},"uagb_featured_image_src":{"full":false,"thumbnail":false,"medium":false,"medium_large":false,"large":false,"1536x1536":false,"2048x2048":false,"blogarise-slider-full":false,"blogarise-featured":false,"blogarise-medium":false},"uagb_author_info":{"display_name":"Salima Rakass","author_link":"https:\/\/geoseminaire2025.teledetection.fr\/?author=2"},"uagb_comment_info":0,"uagb_excerpt":null,"_links":{"self":[{"href":"https:\/\/geoseminaire2025.teledetection.fr\/index.php?rest_route=\/wp\/v2\/pages\/144","targetHints":{"allow":["GET"]}}],"collection":[{"href":"https:\/\/geoseminaire2025.teledetection.fr\/index.php?rest_route=\/wp\/v2\/pages"}],"about":[{"href":"https:\/\/geoseminaire2025.teledetection.fr\/index.php?rest_route=\/wp\/v2\/types\/page"}],"author":[{"embeddable":true,"href":"https:\/\/geoseminaire2025.teledetection.fr\/index.php?rest_route=\/wp\/v2\/users\/2"}],"replies":[{"embeddable":true,"href":"https:\/\/geoseminaire2025.teledetection.fr\/index.php?rest_route=%2Fwp%2Fv2%2Fcomments&post=144"}],"version-history":[{"count":6,"href":"https:\/\/geoseminaire2025.teledetection.fr\/index.php?rest_route=\/wp\/v2\/pages\/144\/revisions"}],"predecessor-version":[{"id":1378,"href":"https:\/\/geoseminaire2025.teledetection.fr\/index.php?rest_route=\/wp\/v2\/pages\/144\/revisions\/1378"}],"wp:attachment":[{"href":"https:\/\/geoseminaire2025.teledetection.fr\/index.php?rest_route=%2Fwp%2Fv2%2Fmedia&parent=144"}],"curies":[{"name":"wp","href":"https:\/\/api.w.org\/{rel}","templated":true}]}}