{"id":105,"date":"2025-01-01T22:20:08","date_gmt":"2025-01-01T21:20:08","guid":{"rendered":"https:\/\/geoseminaire2025.teledetection.fr\/?page_id=105"},"modified":"2025-03-21T11:07:27","modified_gmt":"2025-03-21T10:07:27","slug":"la-promo-2025","status":"publish","type":"page","link":"https:\/\/geoseminaire2025.teledetection.fr\/?page_id=105","title":{"rendered":"La Promo 2025"},"content":{"rendered":"\n<img decoding=\"async\" src=\"\/wp-content\/uploads\/2025\/03\/poster_promo_2025.png\" alt=\"Description\" style=\"width: 100%;\">\n\n\n\n<p><\/p>\n","protected":false},"excerpt":{"rendered":"","protected":false},"author":2,"featured_media":0,"parent":0,"menu_order":0,"comment_status":"closed","ping_status":"closed","template":"","meta":{"_uag_custom_page_level_css":"","footnotes":""},"class_list":["post-105","page","type-page","status-publish","hentry"],"yoast_head":"<!-- This site is optimized with the Yoast SEO plugin v26.0 - https:\/\/yoast.com\/wordpress\/plugins\/seo\/ -->\n<title>La Promo 2025 - G\u00e9os\u00e9minaire 2025<\/title>\n<meta name=\"description\" content=\"Entre repr\u00e9sentation des territoires, attractivit\u00e9 et innovation, croiser les mondes de la g\u00e9omatique et du jeu vid\u00e9o.\" \/>\n<meta name=\"robots\" content=\"index, follow, max-snippet:-1, max-image-preview:large, max-video-preview:-1\" \/>\n<link rel=\"canonical\" href=\"https:\/\/geoseminaire2025.teledetection.fr\/?page_id=105\" \/>\n<meta property=\"og:locale\" content=\"fr_FR\" \/>\n<meta property=\"og:type\" content=\"article\" \/>\n<meta property=\"og:title\" content=\"La Promo 2025 - G\u00e9os\u00e9minaire 2025\" \/>\n<meta property=\"og:description\" content=\"Entre repr\u00e9sentation des territoires, attractivit\u00e9 et innovation, croiser les mondes de la g\u00e9omatique et du jeu vid\u00e9o.\" \/>\n<meta property=\"og:url\" content=\"https:\/\/geoseminaire2025.teledetection.fr\/?page_id=105\" \/>\n<meta property=\"og:site_name\" content=\"G\u00e9os\u00e9minaire 2025\" \/>\n<meta property=\"article:publisher\" content=\"https:\/\/www.facebook.com\/people\/Geoseminaire-2025\/61572608900768\/\" \/>\n<meta property=\"article:modified_time\" content=\"2025-03-21T10:07:27+00:00\" \/>\n<meta property=\"og:image\" content=\"https:\/\/geoseminaire2025.teledetection.fr\/wp-content\/uploads\/2025\/01\/G-geoseminaire_sans_fond_capri.png\" \/>\n\t<meta property=\"og:image:width\" content=\"1024\" \/>\n\t<meta property=\"og:image:height\" content=\"1024\" \/>\n\t<meta property=\"og:image:type\" content=\"image\/png\" \/>\n<meta name=\"twitter:card\" content=\"summary_large_image\" \/>\n<meta name=\"twitter:label1\" content=\"Dur\u00e9e de lecture estim\u00e9e\" \/>\n\t<meta name=\"twitter:data1\" content=\"1 minute\" \/>\n<script type=\"application\/ld+json\" class=\"yoast-schema-graph\">{\"@context\":\"https:\/\/schema.org\",\"@graph\":[{\"@type\":\"WebPage\",\"@id\":\"https:\/\/geoseminaire2025.teledetection.fr\/?page_id=105\",\"url\":\"https:\/\/geoseminaire2025.teledetection.fr\/?page_id=105\",\"name\":\"La Promo 2025 - G\u00e9os\u00e9minaire 2025\",\"isPartOf\":{\"@id\":\"https:\/\/geoseminaire2025.teledetection.fr\/#website\"},\"datePublished\":\"2025-01-01T21:20:08+00:00\",\"dateModified\":\"2025-03-21T10:07:27+00:00\",\"description\":\"Entre repr\u00e9sentation des territoires, attractivit\u00e9 et innovation, croiser les mondes de la g\u00e9omatique et du jeu vid\u00e9o.\",\"breadcrumb\":{\"@id\":\"https:\/\/geoseminaire2025.teledetection.fr\/?page_id=105#breadcrumb\"},\"inLanguage\":\"fr-FR\",\"potentialAction\":[{\"@type\":\"ReadAction\",\"target\":[\"https:\/\/geoseminaire2025.teledetection.fr\/?page_id=105\"]}]},{\"@type\":\"BreadcrumbList\",\"@id\":\"https:\/\/geoseminaire2025.teledetection.fr\/?page_id=105#breadcrumb\",\"itemListElement\":[{\"@type\":\"ListItem\",\"position\":1,\"name\":\"Accueil\",\"item\":\"https:\/\/geoseminaire2025.teledetection.fr\/\"},{\"@type\":\"ListItem\",\"position\":2,\"name\":\"La Promo 2025\"}]},{\"@type\":\"WebSite\",\"@id\":\"https:\/\/geoseminaire2025.teledetection.fr\/#website\",\"url\":\"https:\/\/geoseminaire2025.teledetection.fr\/\",\"name\":\"G\u00e9os\u00e9minaire 2025\",\"description\":\"GIS &amp; GAMING\",\"publisher\":{\"@id\":\"https:\/\/geoseminaire2025.teledetection.fr\/#organization\"},\"alternateName\":\"G\u00e9os\u00e9minaire\",\"potentialAction\":[{\"@type\":\"SearchAction\",\"target\":{\"@type\":\"EntryPoint\",\"urlTemplate\":\"https:\/\/geoseminaire2025.teledetection.fr\/?s={search_term_string}\"},\"query-input\":{\"@type\":\"PropertyValueSpecification\",\"valueRequired\":true,\"valueName\":\"search_term_string\"}}],\"inLanguage\":\"fr-FR\"},{\"@type\":\"Organization\",\"@id\":\"https:\/\/geoseminaire2025.teledetection.fr\/#organization\",\"name\":\"G\u00e9os\u00e9minaire 2025\",\"alternateName\":\"G\u00e9os\u00e9minaire\",\"url\":\"https:\/\/geoseminaire2025.teledetection.fr\/\",\"logo\":{\"@type\":\"ImageObject\",\"inLanguage\":\"fr-FR\",\"@id\":\"https:\/\/geoseminaire2025.teledetection.fr\/#\/schema\/logo\/image\/\",\"url\":\"https:\/\/geoseminaire2025.teledetection.fr\/wp-content\/uploads\/2025\/01\/G-geoseminaire_sans_fond_capri.png\",\"contentUrl\":\"https:\/\/geoseminaire2025.teledetection.fr\/wp-content\/uploads\/2025\/01\/G-geoseminaire_sans_fond_capri.png\",\"width\":1024,\"height\":1024,\"caption\":\"G\u00e9os\u00e9minaire 2025\"},\"image\":{\"@id\":\"https:\/\/geoseminaire2025.teledetection.fr\/#\/schema\/logo\/image\/\"},\"sameAs\":[\"https:\/\/www.facebook.com\/people\/Geoseminaire-2025\/61572608900768\/\",\"https:\/\/www.youtube.com\/@geoseminairesilat9797\",\"https:\/\/www.instagram.com\/geoseminaire\/\"]}]}<\/script>\n<!-- \/ Yoast SEO plugin. -->","yoast_head_json":{"title":"La Promo 2025 - G\u00e9os\u00e9minaire 2025","description":"Entre repr\u00e9sentation des territoires, attractivit\u00e9 et innovation, croiser les mondes de la g\u00e9omatique et du jeu vid\u00e9o.","robots":{"index":"index","follow":"follow","max-snippet":"max-snippet:-1","max-image-preview":"max-image-preview:large","max-video-preview":"max-video-preview:-1"},"canonical":"https:\/\/geoseminaire2025.teledetection.fr\/?page_id=105","og_locale":"fr_FR","og_type":"article","og_title":"La Promo 2025 - G\u00e9os\u00e9minaire 2025","og_description":"Entre repr\u00e9sentation des territoires, attractivit\u00e9 et innovation, croiser les mondes de la g\u00e9omatique et du jeu vid\u00e9o.","og_url":"https:\/\/geoseminaire2025.teledetection.fr\/?page_id=105","og_site_name":"G\u00e9os\u00e9minaire 2025","article_publisher":"https:\/\/www.facebook.com\/people\/Geoseminaire-2025\/61572608900768\/","article_modified_time":"2025-03-21T10:07:27+00:00","og_image":[{"width":1024,"height":1024,"url":"https:\/\/geoseminaire2025.teledetection.fr\/wp-content\/uploads\/2025\/01\/G-geoseminaire_sans_fond_capri.png","type":"image\/png"}],"twitter_card":"summary_large_image","twitter_misc":{"Dur\u00e9e de lecture estim\u00e9e":"1 minute"},"schema":{"@context":"https:\/\/schema.org","@graph":[{"@type":"WebPage","@id":"https:\/\/geoseminaire2025.teledetection.fr\/?page_id=105","url":"https:\/\/geoseminaire2025.teledetection.fr\/?page_id=105","name":"La Promo 2025 - G\u00e9os\u00e9minaire 2025","isPartOf":{"@id":"https:\/\/geoseminaire2025.teledetection.fr\/#website"},"datePublished":"2025-01-01T21:20:08+00:00","dateModified":"2025-03-21T10:07:27+00:00","description":"Entre repr\u00e9sentation des territoires, attractivit\u00e9 et innovation, croiser les mondes de la g\u00e9omatique et du jeu vid\u00e9o.","breadcrumb":{"@id":"https:\/\/geoseminaire2025.teledetection.fr\/?page_id=105#breadcrumb"},"inLanguage":"fr-FR","potentialAction":[{"@type":"ReadAction","target":["https:\/\/geoseminaire2025.teledetection.fr\/?page_id=105"]}]},{"@type":"BreadcrumbList","@id":"https:\/\/geoseminaire2025.teledetection.fr\/?page_id=105#breadcrumb","itemListElement":[{"@type":"ListItem","position":1,"name":"Accueil","item":"https:\/\/geoseminaire2025.teledetection.fr\/"},{"@type":"ListItem","position":2,"name":"La Promo 2025"}]},{"@type":"WebSite","@id":"https:\/\/geoseminaire2025.teledetection.fr\/#website","url":"https:\/\/geoseminaire2025.teledetection.fr\/","name":"G\u00e9os\u00e9minaire 2025","description":"GIS &amp; GAMING","publisher":{"@id":"https:\/\/geoseminaire2025.teledetection.fr\/#organization"},"alternateName":"G\u00e9os\u00e9minaire","potentialAction":[{"@type":"SearchAction","target":{"@type":"EntryPoint","urlTemplate":"https:\/\/geoseminaire2025.teledetection.fr\/?s={search_term_string}"},"query-input":{"@type":"PropertyValueSpecification","valueRequired":true,"valueName":"search_term_string"}}],"inLanguage":"fr-FR"},{"@type":"Organization","@id":"https:\/\/geoseminaire2025.teledetection.fr\/#organization","name":"G\u00e9os\u00e9minaire 2025","alternateName":"G\u00e9os\u00e9minaire","url":"https:\/\/geoseminaire2025.teledetection.fr\/","logo":{"@type":"ImageObject","inLanguage":"fr-FR","@id":"https:\/\/geoseminaire2025.teledetection.fr\/#\/schema\/logo\/image\/","url":"https:\/\/geoseminaire2025.teledetection.fr\/wp-content\/uploads\/2025\/01\/G-geoseminaire_sans_fond_capri.png","contentUrl":"https:\/\/geoseminaire2025.teledetection.fr\/wp-content\/uploads\/2025\/01\/G-geoseminaire_sans_fond_capri.png","width":1024,"height":1024,"caption":"G\u00e9os\u00e9minaire 2025"},"image":{"@id":"https:\/\/geoseminaire2025.teledetection.fr\/#\/schema\/logo\/image\/"},"sameAs":["https:\/\/www.facebook.com\/people\/Geoseminaire-2025\/61572608900768\/","https:\/\/www.youtube.com\/@geoseminairesilat9797","https:\/\/www.instagram.com\/geoseminaire\/"]}]}},"uagb_featured_image_src":{"full":false,"thumbnail":false,"medium":false,"medium_large":false,"large":false,"1536x1536":false,"2048x2048":false,"blogarise-slider-full":false,"blogarise-featured":false,"blogarise-medium":false},"uagb_author_info":{"display_name":"Salima Rakass","author_link":"https:\/\/geoseminaire2025.teledetection.fr\/?author=2"},"uagb_comment_info":0,"uagb_excerpt":null,"_links":{"self":[{"href":"https:\/\/geoseminaire2025.teledetection.fr\/index.php?rest_route=\/wp\/v2\/pages\/105","targetHints":{"allow":["GET"]}}],"collection":[{"href":"https:\/\/geoseminaire2025.teledetection.fr\/index.php?rest_route=\/wp\/v2\/pages"}],"about":[{"href":"https:\/\/geoseminaire2025.teledetection.fr\/index.php?rest_route=\/wp\/v2\/types\/page"}],"author":[{"embeddable":true,"href":"https:\/\/geoseminaire2025.teledetection.fr\/index.php?rest_route=\/wp\/v2\/users\/2"}],"replies":[{"embeddable":true,"href":"https:\/\/geoseminaire2025.teledetection.fr\/index.php?rest_route=%2Fwp%2Fv2%2Fcomments&post=105"}],"version-history":[{"count":3,"href":"https:\/\/geoseminaire2025.teledetection.fr\/index.php?rest_route=\/wp\/v2\/pages\/105\/revisions"}],"predecessor-version":[{"id":1465,"href":"https:\/\/geoseminaire2025.teledetection.fr\/index.php?rest_route=\/wp\/v2\/pages\/105\/revisions\/1465"}],"wp:attachment":[{"href":"https:\/\/geoseminaire2025.teledetection.fr\/index.php?rest_route=%2Fwp%2Fv2%2Fmedia&parent=105"}],"curies":[{"name":"wp","href":"https:\/\/api.w.org\/{rel}","templated":true}]}}