{"id":1019,"date":"2025-02-16T20:22:57","date_gmt":"2025-02-16T19:22:57","guid":{"rendered":"https:\/\/geoseminaire2025.teledetection.fr\/?page_id=1019"},"modified":"2025-03-14T11:20:27","modified_gmt":"2025-03-14T10:20:27","slug":"inscription","status":"publish","type":"page","link":"https:\/\/geoseminaire2025.teledetection.fr\/?page_id=1019","title":{"rendered":"Inscription"},"content":{"rendered":"\n<figure class=\"wp-block-image size-large\"><img loading=\"lazy\" decoding=\"async\" width=\"1024\" height=\"389\" src=\"https:\/\/geoseminaire2025.teledetection.fr\/wp-content\/uploads\/2025\/02\/banderole-1300-494-1024x389.png\" alt=\"\" class=\"wp-image-1160\" srcset=\"https:\/\/geoseminaire2025.teledetection.fr\/wp-content\/uploads\/2025\/02\/banderole-1300-494-1024x389.png 1024w, https:\/\/geoseminaire2025.teledetection.fr\/wp-content\/uploads\/2025\/02\/banderole-1300-494-300x114.png 300w, https:\/\/geoseminaire2025.teledetection.fr\/wp-content\/uploads\/2025\/02\/banderole-1300-494-768x292.png 768w, https:\/\/geoseminaire2025.teledetection.fr\/wp-content\/uploads\/2025\/02\/banderole-1300-494.png 1300w\" sizes=\"auto, (max-width: 1024px) 100vw, 1024px\" \/><\/figure>\n\n\n\n<h6 class=\"wp-block-heading has-text-align-center\"><mark style=\"background-color:rgba(0, 0, 0, 0)\" class=\"has-inline-color has-vivid-red-color\">Veuillez pr\u00eater attention \u00e0 remplir le captcha Google si celui-ci appara\u00eet, afin de valider correctement le formulaire. La proc\u00e9dure d&rsquo;inscription et de paiement est \u00e9galement disponible en bas de la page.<\/mark><\/h6>\n\n\n\n<style> \n  iframe { \n    display: block; \n    margin: 0 auto; \n  } \n<\/style> \n<iframe loading=\"lazy\" src=\"https:\/\/docs.google.com\/forms\/d\/e\/1FAIpQLSeoEI6yVqE50lbzaC5zyagxdwEjKtZX07dltkXwW0GD-my9cg\/viewform?embedded=true\" width=\"640\" height=\"3150\" frameborder=\"0\" marginheight=\"0\" marginwidth=\"0\">Chargement\u2026<\/iframe>\n\n\n\n<p><\/p>\n\n\n\n<h6 class=\"wp-block-heading has-text-align-center\"><mark style=\"background-color:rgba(0, 0, 0, 0)\" class=\"has-inline-color has-vivid-red-color\">Veuillez pr\u00eater attention \u00e0 remplir le captcha Google si celui-ci appara\u00eet en haut de page, afin de valider correctement le formulaire.<\/mark><\/h6>\n\n\n\n<h2 class=\"wp-block-heading has-text-align-center has-text-color has-link-color wp-elements-5a29a81e21ba1915dfc54f60cf4e4dc0\" style=\"color:#190c68\">Proc\u00e9dure d&rsquo;inscription<\/h2>\n\n\n\n<p><\/p>\n\n\n\n<ol style=\"list-style-type:upper-roman\" class=\"wp-block-list\">\n<li class=\"has-medium-font-size\"><strong>Proc\u00e9dez au paiement<\/strong>\n<ul class=\"wp-block-list\">\n<li class=\"has-medium-font-size\">a. <strong>Paiement en ligne<\/strong>\n<ul class=\"wp-block-list\">\n<li style=\"font-size:17px\"><em>Merci de renseigner les informations suivantes<\/em>:\n<ul class=\"wp-block-list\">\n<li><strong>R\u00e9f\u00e9rence client<\/strong>&nbsp;: tarif choisi parmi la liste ci-dessous&nbsp;\n<ul class=\"wp-block-list\">\n<li><img loading=\"lazy\" decoding=\"async\" width=\"30\" height=\"30\" class=\"wp-image-1182\" style=\"width: 30px;\" src=\"https:\/\/geoseminaire2025.teledetection.fr\/wp-content\/uploads\/2025\/02\/joystick.png\" alt=\"\" srcset=\"https:\/\/geoseminaire2025.teledetection.fr\/wp-content\/uploads\/2025\/02\/joystick.png 512w, https:\/\/geoseminaire2025.teledetection.fr\/wp-content\/uploads\/2025\/02\/joystick-300x300.png 300w, https:\/\/geoseminaire2025.teledetection.fr\/wp-content\/uploads\/2025\/02\/joystick-150x150.png 150w\" sizes=\"auto, (max-width: 30px) 100vw, 30px\" \/> Tarif unique <\/li>\n<\/ul>\n<\/li>\n<\/ul>\n<\/li>\n<\/ul>\n<\/li>\n\n\n\n<li>b. <strong>Paiement par bon de commande<\/strong>\n<ul class=\"wp-block-list\">\n<li style=\"font-size:17px\"><em>Merci de renseigner les informations suivantes<\/em>:\n<ul class=\"wp-block-list\">\n<li><img loading=\"lazy\" decoding=\"async\" width=\"30\" height=\"30\" class=\"wp-image-1182\" style=\"width: 30px;\" src=\"https:\/\/geoseminaire2025.teledetection.fr\/wp-content\/uploads\/2025\/02\/joystick.png\" alt=\"\" srcset=\"https:\/\/geoseminaire2025.teledetection.fr\/wp-content\/uploads\/2025\/02\/joystick.png 512w, https:\/\/geoseminaire2025.teledetection.fr\/wp-content\/uploads\/2025\/02\/joystick-300x300.png 300w, https:\/\/geoseminaire2025.teledetection.fr\/wp-content\/uploads\/2025\/02\/joystick-150x150.png 150w\" sizes=\"auto, (max-width: 30px) 100vw, 30px\" \/> Nom de l\u2019organisme&nbsp;:<\/li>\n\n\n\n<li><img loading=\"lazy\" decoding=\"async\" width=\"30\" height=\"30\" class=\"wp-image-1182\" style=\"width: 30px;\" src=\"https:\/\/geoseminaire2025.teledetection.fr\/wp-content\/uploads\/2025\/02\/joystick.png\" alt=\"\" srcset=\"https:\/\/geoseminaire2025.teledetection.fr\/wp-content\/uploads\/2025\/02\/joystick.png 512w, https:\/\/geoseminaire2025.teledetection.fr\/wp-content\/uploads\/2025\/02\/joystick-300x300.png 300w, https:\/\/geoseminaire2025.teledetection.fr\/wp-content\/uploads\/2025\/02\/joystick-150x150.png 150w\" sizes=\"auto, (max-width: 30px) 100vw, 30px\" \/> Num\u00e9ro SIRET&nbsp;:<\/li>\n\n\n\n<li><img loading=\"lazy\" decoding=\"async\" width=\"30\" height=\"30\" class=\"wp-image-1182\" style=\"width: 30px;\" src=\"https:\/\/geoseminaire2025.teledetection.fr\/wp-content\/uploads\/2025\/02\/joystick.png\" alt=\"\" srcset=\"https:\/\/geoseminaire2025.teledetection.fr\/wp-content\/uploads\/2025\/02\/joystick.png 512w, https:\/\/geoseminaire2025.teledetection.fr\/wp-content\/uploads\/2025\/02\/joystick-300x300.png 300w, https:\/\/geoseminaire2025.teledetection.fr\/wp-content\/uploads\/2025\/02\/joystick-150x150.png 150w\" sizes=\"auto, (max-width: 30px) 100vw, 30px\" \/> Adresse postale&nbsp;:<\/li>\n\n\n\n<li><img loading=\"lazy\" decoding=\"async\" width=\"30\" height=\"30\" class=\"wp-image-1182\" style=\"width: 30px;\" src=\"https:\/\/geoseminaire2025.teledetection.fr\/wp-content\/uploads\/2025\/02\/joystick.png\" alt=\"\" srcset=\"https:\/\/geoseminaire2025.teledetection.fr\/wp-content\/uploads\/2025\/02\/joystick.png 512w, https:\/\/geoseminaire2025.teledetection.fr\/wp-content\/uploads\/2025\/02\/joystick-300x300.png 300w, https:\/\/geoseminaire2025.teledetection.fr\/wp-content\/uploads\/2025\/02\/joystick-150x150.png 150w\" sizes=\"auto, (max-width: 30px) 100vw, 30px\" \/> E-mail :<\/li>\n\n\n\n<li><img loading=\"lazy\" decoding=\"async\" width=\"30\" height=\"30\" class=\"wp-image-1182\" style=\"width: 30px;\" src=\"https:\/\/geoseminaire2025.teledetection.fr\/wp-content\/uploads\/2025\/02\/joystick.png\" alt=\"\" srcset=\"https:\/\/geoseminaire2025.teledetection.fr\/wp-content\/uploads\/2025\/02\/joystick.png 512w, https:\/\/geoseminaire2025.teledetection.fr\/wp-content\/uploads\/2025\/02\/joystick-300x300.png 300w, https:\/\/geoseminaire2025.teledetection.fr\/wp-content\/uploads\/2025\/02\/joystick-150x150.png 150w\" sizes=\"auto, (max-width: 30px) 100vw, 30px\" \/> Noms des participants :<\/li>\n\n\n\n<li><img loading=\"lazy\" decoding=\"async\" width=\"30\" height=\"30\" class=\"wp-image-1182\" style=\"width: 30px;\" src=\"https:\/\/geoseminaire2025.teledetection.fr\/wp-content\/uploads\/2025\/02\/joystick.png\" alt=\"\" srcset=\"https:\/\/geoseminaire2025.teledetection.fr\/wp-content\/uploads\/2025\/02\/joystick.png 512w, https:\/\/geoseminaire2025.teledetection.fr\/wp-content\/uploads\/2025\/02\/joystick-300x300.png 300w, https:\/\/geoseminaire2025.teledetection.fr\/wp-content\/uploads\/2025\/02\/joystick-150x150.png 150w\" sizes=\"auto, (max-width: 30px) 100vw, 30px\" \/> R\u00e9f\u00e9rence&nbsp;: <strong>G\u00e9os\u00e9minaire 2025<\/strong><\/li>\n\n\n\n<li><img loading=\"lazy\" decoding=\"async\" width=\"30\" height=\"30\" class=\"wp-image-1182\" style=\"width: 30px;\" src=\"https:\/\/geoseminaire2025.teledetection.fr\/wp-content\/uploads\/2025\/02\/joystick.png\" alt=\"\" srcset=\"https:\/\/geoseminaire2025.teledetection.fr\/wp-content\/uploads\/2025\/02\/joystick.png 512w, https:\/\/geoseminaire2025.teledetection.fr\/wp-content\/uploads\/2025\/02\/joystick-300x300.png 300w, https:\/\/geoseminaire2025.teledetection.fr\/wp-content\/uploads\/2025\/02\/joystick-150x150.png 150w\" sizes=\"auto, (max-width: 30px) 100vw, 30px\" \/> R\u00e9f\u00e9rence client&nbsp;: Tarif unique<\/li>\n<\/ul>\n<\/li>\n<\/ul>\n<\/li>\n<\/ul>\n<\/li>\n\n\n\n<li class=\"has-medium-font-size\"><strong>Envoyez votre confirmation de paiement ou votre bon de commande <\/strong>\u00e0 l&rsquo;adresse suivante : <a href=\"mailto:geoseminaire@gmail.com?subject=Paiement%20-%20G\u00e9os\u00e9minaire%202025&amp;body=Bonjour%2C%0A%0AVeuillez%20trouver%20ci-joint%20mon%20justificatif%20de%20paiement.%0A%0AMerci%20et%20cordialement%2C%0A[Votre%20Nom]\" target=\"_blank\" rel=\"noreferrer noopener\">geoseminaire@gmail.com<\/a><\/li>\n<\/ol>\n\n\n\n<p><\/p>\n\n\n\n<div class=\"button-container\">\n    <a target=\"_blank\" href=\"https:\/\/jepaieenligne.systempay.fr\/AGROPARISTECH?lck_vads_order_id=Geoseminaire 2025\" class=\"btn payer-btn\">\n        <i class=\"fas fa-credit-card\"><\/i> Payer maintenant\n    <\/a>\n<\/div>\n\n<style>\n    .button-container {\n        display: flex;\n        justify-content: center;\n        margin-top: 20px;\n    }\n\n    .payer-btn {\n        background: linear-gradient(45deg, #03fdfd, #fc02fb);\n        font-size: 22px;\n        padding: 15px 35px;\n        border-radius: 10px;\n        box-shadow: 0 4px 10px rgba(0, 0, 0, 0.3);\n        display: flex;\n        align-items: center;\n        gap: 10px;\n        border: none;\n        cursor: pointer;\n        color: white;\n        font-weight: bold;\n        text-decoration: none; \/* Assure qu'il n'y ait pas de soulignement du lien *\/\n        transition: transform 0.3s ease, background 0.3s ease;\n    }\n\n    .payer-btn:hover {\n        background: linear-gradient(45deg, #fc02fb, #03fdfd);\n        transform: scale(1.1);\n    }\n<\/style>\n\n\n\n<p><\/p>\n","protected":false},"excerpt":{"rendered":"<p>Veuillez pr\u00eater attention \u00e0 remplir le captcha Google si celui-ci appara\u00eet, afin de valider correctement le formulaire. La proc\u00e9dure d&rsquo;inscription et de paiement est \u00e9galement disponible en bas de la page. Chargement\u2026 Veuillez pr\u00eater attention \u00e0 remplir le captcha Google si celui-ci appara\u00eet en haut de page, afin de valider correctement le formulaire. Proc\u00e9dure d&rsquo;inscription [&hellip;]<\/p>\n","protected":false},"author":2,"featured_media":0,"parent":0,"menu_order":0,"comment_status":"closed","ping_status":"closed","template":"","meta":{"_uag_custom_page_level_css":"","footnotes":""},"class_list":["post-1019","page","type-page","status-publish","hentry"],"yoast_head":"<!-- This site is optimized with the Yoast SEO plugin v26.0 - https:\/\/yoast.com\/wordpress\/plugins\/seo\/ -->\n<title>Inscription - G\u00e9os\u00e9minaire 2025<\/title>\n<meta name=\"description\" content=\"Entre repr\u00e9sentation des territoires, attractivit\u00e9 et innovation, croiser les mondes de la g\u00e9omatique et du jeu vid\u00e9o.\" \/>\n<meta name=\"robots\" content=\"index, follow, max-snippet:-1, max-image-preview:large, max-video-preview:-1\" \/>\n<link rel=\"canonical\" href=\"https:\/\/geoseminaire2025.teledetection.fr\/?page_id=1019\" \/>\n<meta property=\"og:locale\" content=\"fr_FR\" \/>\n<meta property=\"og:type\" content=\"article\" \/>\n<meta property=\"og:title\" content=\"Inscription - G\u00e9os\u00e9minaire 2025\" \/>\n<meta property=\"og:description\" content=\"Entre repr\u00e9sentation des territoires, attractivit\u00e9 et innovation, croiser les mondes de la g\u00e9omatique et du jeu vid\u00e9o.\" \/>\n<meta property=\"og:url\" content=\"https:\/\/geoseminaire2025.teledetection.fr\/?page_id=1019\" \/>\n<meta property=\"og:site_name\" content=\"G\u00e9os\u00e9minaire 2025\" \/>\n<meta property=\"article:publisher\" content=\"https:\/\/www.facebook.com\/people\/Geoseminaire-2025\/61572608900768\/\" \/>\n<meta property=\"article:modified_time\" content=\"2025-03-14T10:20:27+00:00\" \/>\n<meta property=\"og:image\" content=\"https:\/\/geoseminaire2025.teledetection.fr\/wp-content\/uploads\/2025\/02\/banderole-1300-494.png\" \/>\n\t<meta property=\"og:image:width\" content=\"1300\" \/>\n\t<meta property=\"og:image:height\" content=\"494\" \/>\n\t<meta property=\"og:image:type\" content=\"image\/png\" \/>\n<meta name=\"twitter:card\" content=\"summary_large_image\" \/>\n<meta name=\"twitter:label1\" content=\"Dur\u00e9e de lecture estim\u00e9e\" \/>\n\t<meta name=\"twitter:data1\" content=\"3 minutes\" \/>\n<script type=\"application\/ld+json\" class=\"yoast-schema-graph\">{\"@context\":\"https:\/\/schema.org\",\"@graph\":[{\"@type\":\"WebPage\",\"@id\":\"https:\/\/geoseminaire2025.teledetection.fr\/?page_id=1019\",\"url\":\"https:\/\/geoseminaire2025.teledetection.fr\/?page_id=1019\",\"name\":\"Inscription - G\u00e9os\u00e9minaire 2025\",\"isPartOf\":{\"@id\":\"https:\/\/geoseminaire2025.teledetection.fr\/#website\"},\"primaryImageOfPage\":{\"@id\":\"https:\/\/geoseminaire2025.teledetection.fr\/?page_id=1019#primaryimage\"},\"image\":{\"@id\":\"https:\/\/geoseminaire2025.teledetection.fr\/?page_id=1019#primaryimage\"},\"thumbnailUrl\":\"https:\/\/geoseminaire2025.teledetection.fr\/wp-content\/uploads\/2025\/02\/banderole-1300-494-1024x389.png\",\"datePublished\":\"2025-02-16T19:22:57+00:00\",\"dateModified\":\"2025-03-14T10:20:27+00:00\",\"description\":\"Entre repr\u00e9sentation des territoires, attractivit\u00e9 et innovation, croiser les mondes de la g\u00e9omatique et du jeu vid\u00e9o.\",\"breadcrumb\":{\"@id\":\"https:\/\/geoseminaire2025.teledetection.fr\/?page_id=1019#breadcrumb\"},\"inLanguage\":\"fr-FR\",\"potentialAction\":[{\"@type\":\"ReadAction\",\"target\":[\"https:\/\/geoseminaire2025.teledetection.fr\/?page_id=1019\"]}]},{\"@type\":\"ImageObject\",\"inLanguage\":\"fr-FR\",\"@id\":\"https:\/\/geoseminaire2025.teledetection.fr\/?page_id=1019#primaryimage\",\"url\":\"https:\/\/geoseminaire2025.teledetection.fr\/wp-content\/uploads\/2025\/02\/banderole-1300-494.png\",\"contentUrl\":\"https:\/\/geoseminaire2025.teledetection.fr\/wp-content\/uploads\/2025\/02\/banderole-1300-494.png\",\"width\":1300,\"height\":494},{\"@type\":\"BreadcrumbList\",\"@id\":\"https:\/\/geoseminaire2025.teledetection.fr\/?page_id=1019#breadcrumb\",\"itemListElement\":[{\"@type\":\"ListItem\",\"position\":1,\"name\":\"Accueil\",\"item\":\"https:\/\/geoseminaire2025.teledetection.fr\/\"},{\"@type\":\"ListItem\",\"position\":2,\"name\":\"Inscription\"}]},{\"@type\":\"WebSite\",\"@id\":\"https:\/\/geoseminaire2025.teledetection.fr\/#website\",\"url\":\"https:\/\/geoseminaire2025.teledetection.fr\/\",\"name\":\"G\u00e9os\u00e9minaire 2025\",\"description\":\"GIS &amp; GAMING\",\"publisher\":{\"@id\":\"https:\/\/geoseminaire2025.teledetection.fr\/#organization\"},\"alternateName\":\"G\u00e9os\u00e9minaire\",\"potentialAction\":[{\"@type\":\"SearchAction\",\"target\":{\"@type\":\"EntryPoint\",\"urlTemplate\":\"https:\/\/geoseminaire2025.teledetection.fr\/?s={search_term_string}\"},\"query-input\":{\"@type\":\"PropertyValueSpecification\",\"valueRequired\":true,\"valueName\":\"search_term_string\"}}],\"inLanguage\":\"fr-FR\"},{\"@type\":\"Organization\",\"@id\":\"https:\/\/geoseminaire2025.teledetection.fr\/#organization\",\"name\":\"G\u00e9os\u00e9minaire 2025\",\"alternateName\":\"G\u00e9os\u00e9minaire\",\"url\":\"https:\/\/geoseminaire2025.teledetection.fr\/\",\"logo\":{\"@type\":\"ImageObject\",\"inLanguage\":\"fr-FR\",\"@id\":\"https:\/\/geoseminaire2025.teledetection.fr\/#\/schema\/logo\/image\/\",\"url\":\"https:\/\/geoseminaire2025.teledetection.fr\/wp-content\/uploads\/2025\/01\/G-geoseminaire_sans_fond_capri.png\",\"contentUrl\":\"https:\/\/geoseminaire2025.teledetection.fr\/wp-content\/uploads\/2025\/01\/G-geoseminaire_sans_fond_capri.png\",\"width\":1024,\"height\":1024,\"caption\":\"G\u00e9os\u00e9minaire 2025\"},\"image\":{\"@id\":\"https:\/\/geoseminaire2025.teledetection.fr\/#\/schema\/logo\/image\/\"},\"sameAs\":[\"https:\/\/www.facebook.com\/people\/Geoseminaire-2025\/61572608900768\/\",\"https:\/\/www.youtube.com\/@geoseminairesilat9797\",\"https:\/\/www.instagram.com\/geoseminaire\/\"]}]}<\/script>\n<!-- \/ Yoast SEO plugin. -->","yoast_head_json":{"title":"Inscription - G\u00e9os\u00e9minaire 2025","description":"Entre repr\u00e9sentation des territoires, attractivit\u00e9 et innovation, croiser les mondes de la g\u00e9omatique et du jeu vid\u00e9o.","robots":{"index":"index","follow":"follow","max-snippet":"max-snippet:-1","max-image-preview":"max-image-preview:large","max-video-preview":"max-video-preview:-1"},"canonical":"https:\/\/geoseminaire2025.teledetection.fr\/?page_id=1019","og_locale":"fr_FR","og_type":"article","og_title":"Inscription - G\u00e9os\u00e9minaire 2025","og_description":"Entre repr\u00e9sentation des territoires, attractivit\u00e9 et innovation, croiser les mondes de la g\u00e9omatique et du jeu vid\u00e9o.","og_url":"https:\/\/geoseminaire2025.teledetection.fr\/?page_id=1019","og_site_name":"G\u00e9os\u00e9minaire 2025","article_publisher":"https:\/\/www.facebook.com\/people\/Geoseminaire-2025\/61572608900768\/","article_modified_time":"2025-03-14T10:20:27+00:00","og_image":[{"width":1300,"height":494,"url":"https:\/\/geoseminaire2025.teledetection.fr\/wp-content\/uploads\/2025\/02\/banderole-1300-494.png","type":"image\/png"}],"twitter_card":"summary_large_image","twitter_misc":{"Dur\u00e9e de lecture estim\u00e9e":"3 minutes"},"schema":{"@context":"https:\/\/schema.org","@graph":[{"@type":"WebPage","@id":"https:\/\/geoseminaire2025.teledetection.fr\/?page_id=1019","url":"https:\/\/geoseminaire2025.teledetection.fr\/?page_id=1019","name":"Inscription - G\u00e9os\u00e9minaire 2025","isPartOf":{"@id":"https:\/\/geoseminaire2025.teledetection.fr\/#website"},"primaryImageOfPage":{"@id":"https:\/\/geoseminaire2025.teledetection.fr\/?page_id=1019#primaryimage"},"image":{"@id":"https:\/\/geoseminaire2025.teledetection.fr\/?page_id=1019#primaryimage"},"thumbnailUrl":"https:\/\/geoseminaire2025.teledetection.fr\/wp-content\/uploads\/2025\/02\/banderole-1300-494-1024x389.png","datePublished":"2025-02-16T19:22:57+00:00","dateModified":"2025-03-14T10:20:27+00:00","description":"Entre repr\u00e9sentation des territoires, attractivit\u00e9 et innovation, croiser les mondes de la g\u00e9omatique et du jeu vid\u00e9o.","breadcrumb":{"@id":"https:\/\/geoseminaire2025.teledetection.fr\/?page_id=1019#breadcrumb"},"inLanguage":"fr-FR","potentialAction":[{"@type":"ReadAction","target":["https:\/\/geoseminaire2025.teledetection.fr\/?page_id=1019"]}]},{"@type":"ImageObject","inLanguage":"fr-FR","@id":"https:\/\/geoseminaire2025.teledetection.fr\/?page_id=1019#primaryimage","url":"https:\/\/geoseminaire2025.teledetection.fr\/wp-content\/uploads\/2025\/02\/banderole-1300-494.png","contentUrl":"https:\/\/geoseminaire2025.teledetection.fr\/wp-content\/uploads\/2025\/02\/banderole-1300-494.png","width":1300,"height":494},{"@type":"BreadcrumbList","@id":"https:\/\/geoseminaire2025.teledetection.fr\/?page_id=1019#breadcrumb","itemListElement":[{"@type":"ListItem","position":1,"name":"Accueil","item":"https:\/\/geoseminaire2025.teledetection.fr\/"},{"@type":"ListItem","position":2,"name":"Inscription"}]},{"@type":"WebSite","@id":"https:\/\/geoseminaire2025.teledetection.fr\/#website","url":"https:\/\/geoseminaire2025.teledetection.fr\/","name":"G\u00e9os\u00e9minaire 2025","description":"GIS &amp; GAMING","publisher":{"@id":"https:\/\/geoseminaire2025.teledetection.fr\/#organization"},"alternateName":"G\u00e9os\u00e9minaire","potentialAction":[{"@type":"SearchAction","target":{"@type":"EntryPoint","urlTemplate":"https:\/\/geoseminaire2025.teledetection.fr\/?s={search_term_string}"},"query-input":{"@type":"PropertyValueSpecification","valueRequired":true,"valueName":"search_term_string"}}],"inLanguage":"fr-FR"},{"@type":"Organization","@id":"https:\/\/geoseminaire2025.teledetection.fr\/#organization","name":"G\u00e9os\u00e9minaire 2025","alternateName":"G\u00e9os\u00e9minaire","url":"https:\/\/geoseminaire2025.teledetection.fr\/","logo":{"@type":"ImageObject","inLanguage":"fr-FR","@id":"https:\/\/geoseminaire2025.teledetection.fr\/#\/schema\/logo\/image\/","url":"https:\/\/geoseminaire2025.teledetection.fr\/wp-content\/uploads\/2025\/01\/G-geoseminaire_sans_fond_capri.png","contentUrl":"https:\/\/geoseminaire2025.teledetection.fr\/wp-content\/uploads\/2025\/01\/G-geoseminaire_sans_fond_capri.png","width":1024,"height":1024,"caption":"G\u00e9os\u00e9minaire 2025"},"image":{"@id":"https:\/\/geoseminaire2025.teledetection.fr\/#\/schema\/logo\/image\/"},"sameAs":["https:\/\/www.facebook.com\/people\/Geoseminaire-2025\/61572608900768\/","https:\/\/www.youtube.com\/@geoseminairesilat9797","https:\/\/www.instagram.com\/geoseminaire\/"]}]}},"uagb_featured_image_src":{"full":false,"thumbnail":false,"medium":false,"medium_large":false,"large":false,"1536x1536":false,"2048x2048":false,"blogarise-slider-full":false,"blogarise-featured":false,"blogarise-medium":false},"uagb_author_info":{"display_name":"Salima Rakass","author_link":"https:\/\/geoseminaire2025.teledetection.fr\/?author=2"},"uagb_comment_info":0,"uagb_excerpt":"Veuillez pr\u00eater attention \u00e0 remplir le captcha Google si celui-ci appara\u00eet, afin de valider correctement le formulaire. La proc\u00e9dure d&rsquo;inscription et de paiement est \u00e9galement disponible en bas de la page. Chargement\u2026 Veuillez pr\u00eater attention \u00e0 remplir le captcha Google si celui-ci appara\u00eet en haut de page, afin de valider correctement le formulaire. Proc\u00e9dure d&rsquo;inscription\u2026","_links":{"self":[{"href":"https:\/\/geoseminaire2025.teledetection.fr\/index.php?rest_route=\/wp\/v2\/pages\/1019","targetHints":{"allow":["GET"]}}],"collection":[{"href":"https:\/\/geoseminaire2025.teledetection.fr\/index.php?rest_route=\/wp\/v2\/pages"}],"about":[{"href":"https:\/\/geoseminaire2025.teledetection.fr\/index.php?rest_route=\/wp\/v2\/types\/page"}],"author":[{"embeddable":true,"href":"https:\/\/geoseminaire2025.teledetection.fr\/index.php?rest_route=\/wp\/v2\/users\/2"}],"replies":[{"embeddable":true,"href":"https:\/\/geoseminaire2025.teledetection.fr\/index.php?rest_route=%2Fwp%2Fv2%2Fcomments&post=1019"}],"version-history":[{"count":57,"href":"https:\/\/geoseminaire2025.teledetection.fr\/index.php?rest_route=\/wp\/v2\/pages\/1019\/revisions"}],"predecessor-version":[{"id":1440,"href":"https:\/\/geoseminaire2025.teledetection.fr\/index.php?rest_route=\/wp\/v2\/pages\/1019\/revisions\/1440"}],"wp:attachment":[{"href":"https:\/\/geoseminaire2025.teledetection.fr\/index.php?rest_route=%2Fwp%2Fv2%2Fmedia&parent=1019"}],"curies":[{"name":"wp","href":"https:\/\/api.w.org\/{rel}","templated":true}]}}